{"id":15,"date":"2015-01-18T17:10:35","date_gmt":"2015-01-18T20:10:35","guid":{"rendered":"http:\/\/www.marina-jacare-village.com\/wordpress\/?page_id=15"},"modified":"2020-06-04T09:19:28","modified_gmt":"2020-06-04T12:19:28","slug":"turismo","status":"publish","type":"page","link":"https:\/\/www.marina-jacare-village.com\/wordpress\/pt\/turismo\/","title":{"rendered":"Turismo"},"content":{"rendered":"<p><strong>O que ver na regi\u00e3o (algumas sugest\u00f5es)<\/strong><\/p>\n<p>Os nossos agradecimentos ao Governo da Para\u00efba e PBTUR pelas informa\u00e7\u00f5es e material divulgados . Visite: <a href=\"http:\/\/www.pbtur.pb.gov.br\" target=\"_blank\" rel=\"noopener noreferrer\">www.pbtur.pb.gov.br<\/a><\/p>\n<p>Informa\u00e7\u00f5es tur\u00edsticas: H\u00e1 um escrit\u00f3rio de Informa\u00e7\u00f5es Tur\u00edsticas em frente ao Hotel Tamba\u00fa, onde tamb\u00e9m se fala ingl\u00eas; al\u00e9m das numerosas informa\u00e7\u00f5es sobre a Para\u00edba, se distribui um mapa de Jo\u00e3o Pessoa e outros folhetos da regi\u00e3o.<\/p>\n<p><b>Forte Velho:<br \/>\n<a href=\"http:\/\/www.marina-jacare-village.com\/wordpress\/wp-content\/uploads\/2015\/01\/turismo10-2.jpg\"><img decoding=\"async\" loading=\"lazy\" class=\"alignnone size-full wp-image-87\" src=\"http:\/\/www.marina-jacare-village.com\/wordpress\/wp-content\/uploads\/2015\/01\/turismo10-2.jpg\" alt=\"turismo10-2\" width=\"500\" height=\"300\" srcset=\"https:\/\/www.marina-jacare-village.com\/wordpress\/wp-content\/uploads\/2015\/01\/turismo10-2.jpg 500w, https:\/\/www.marina-jacare-village.com\/wordpress\/wp-content\/uploads\/2015\/01\/turismo10-2-300x180.jpg 300w\" sizes=\"(max-width: 500px) 100vw, 500px\" \/><\/a><br \/>\n<\/b><br \/>\nSituado no bra\u00e7o do rio por tr\u00e1s da ilha de Restinga, chega-se ao Forte Velho pela balsa que parte do porto dos pescadores de Cabedelo ou em dinghy\/deriva com menos de 1,10 m de calado. Investindo o canal que passa ao longo da ilha, por perto da margem (mas aten\u00e7\u00e3o: numerosos bancos de areia; navegar indicativamente ao final da preamar) ou, preferivelmente, fazendo a volta da ilha por Cabedelo. \u00c9 uma balada simp\u00e1tica nas \u00e1guas internas limitadas pelo mangue de restinga; Forte Velho \u00e9 uma pequena aldeia na orla, com um pequeno bar-restaurante e um trapiche onde \u00e9 poss\u00edvel ancorar. Com os servi\u00e7os de um autom\u00f3vel, pode-se fazer uma excurs\u00e3o at\u00e9 a igreja do antigo mosteiro de Nossa Senhora da Guia, rico em hist\u00f3ria.<\/p>\n<p><b>Joao Pessoa,<\/b><br \/>\n<a href=\"http:\/\/www.marina-jacare-village.com\/wordpress\/wp-content\/uploads\/2015\/01\/turismo5-2.jpg\"><img decoding=\"async\" loading=\"lazy\" class=\"alignnone size-full wp-image-94\" src=\"http:\/\/www.marina-jacare-village.com\/wordpress\/wp-content\/uploads\/2015\/01\/turismo5-2.jpg\" alt=\"turismo5-2\" width=\"500\" height=\"302\" srcset=\"https:\/\/www.marina-jacare-village.com\/wordpress\/wp-content\/uploads\/2015\/01\/turismo5-2.jpg 500w, https:\/\/www.marina-jacare-village.com\/wordpress\/wp-content\/uploads\/2015\/01\/turismo5-2-300x181.jpg 300w\" sizes=\"(max-width: 500px) 100vw, 500px\" \/><\/a><\/p>\n<p>A cidade apresenta v\u00e1rios pontos de interesse, a come\u00e7ar pelo seu centro hist\u00f3rico, a alguns passos \u00e0 esquerda da esta\u00e7\u00e3o ferrovi\u00e1ria, com a sua catedral e outras igrejas de arquitetura barroca colonial. Encontram-se tamb\u00e9m vest\u00edgios arqueol\u00f3gicos do antigo forte da cidade, o centro cultural, o centro de artesanato da cidade, e as lindas praias entre as quais a praia de Miramar, em Cabedelo, frequentada pelos praticantes de kite surf.<\/p>\n<p><a href=\"http:\/\/www.marina-jacare-village.com\/wordpress\/wp-content\/uploads\/2015\/01\/turismo2-2.jpg\"><img decoding=\"async\" loading=\"lazy\" class=\"alignnone size-full wp-image-97\" src=\"http:\/\/www.marina-jacare-village.com\/wordpress\/wp-content\/uploads\/2015\/01\/turismo2-2.jpg\" alt=\"turismo2-2\" width=\"500\" height=\"307\" srcset=\"https:\/\/www.marina-jacare-village.com\/wordpress\/wp-content\/uploads\/2015\/01\/turismo2-2.jpg 500w, https:\/\/www.marina-jacare-village.com\/wordpress\/wp-content\/uploads\/2015\/01\/turismo2-2-300x184.jpg 300w\" sizes=\"(max-width: 500px) 100vw, 500px\" \/><\/a><\/p>\n<p><a href=\"http:\/\/www.marina-jacare-village.com\/wordpress\/wp-content\/uploads\/2015\/01\/loisirs5.jpg\"><img decoding=\"async\" loading=\"lazy\" class=\"alignnone size-full wp-image-99\" src=\"http:\/\/www.marina-jacare-village.com\/wordpress\/wp-content\/uploads\/2015\/01\/loisirs5.jpg\" alt=\"loisirs5\" width=\"500\" height=\"118\" srcset=\"https:\/\/www.marina-jacare-village.com\/wordpress\/wp-content\/uploads\/2015\/01\/loisirs5.jpg 500w, https:\/\/www.marina-jacare-village.com\/wordpress\/wp-content\/uploads\/2015\/01\/loisirs5-300x71.jpg 300w\" sizes=\"(max-width: 500px) 100vw, 500px\" \/><\/a><\/p>\n<p>Lucena: Um bom passeio partindo de Jacar\u00e9, oposto \u00e0 Cabedelo (pode-se tomar o trem e atravessar pelo ferry ou a pitoresca lancha-jardineira at\u00e9 a Costinha); L\u00e1, as antigas instala\u00e7\u00f5es da ca\u00e7a \u00e0 baleia foram transformadas em museu, e o po\u00e7o das baleias em piscina. Informe-se antes, pois em fins de 2008 estavam passando a propriedade.<\/p>\n<p><b>Cabo Branco:<\/b><\/p>\n<p><a href=\"http:\/\/www.marina-jacare-village.com\/wordpress\/wp-content\/uploads\/2015\/01\/turismo4-2.jpg\"><img decoding=\"async\" loading=\"lazy\" class=\"alignnone size-full wp-image-95\" src=\"http:\/\/www.marina-jacare-village.com\/wordpress\/wp-content\/uploads\/2015\/01\/turismo4-2.jpg\" alt=\"turismo4-2\" width=\"500\" height=\"310\" srcset=\"https:\/\/www.marina-jacare-village.com\/wordpress\/wp-content\/uploads\/2015\/01\/turismo4-2.jpg 500w, https:\/\/www.marina-jacare-village.com\/wordpress\/wp-content\/uploads\/2015\/01\/turismo4-2-300x186.jpg 300w\" sizes=\"(max-width: 500px) 100vw, 500px\" \/><\/a><br \/>\n\u00c9 o ponto mais oriental de toda a Am\u00e9rica do Sul.<\/p>\n<p>O LITORAL:<br \/>\n<strong>Ao sul:<\/strong><br \/>\n<a href=\"http:\/\/www.marina-jacare-village.com\/wordpress\/wp-content\/uploads\/2015\/01\/turismo11-2.jpg\"><img decoding=\"async\" loading=\"lazy\" class=\"alignnone size-full wp-image-91\" src=\"http:\/\/www.marina-jacare-village.com\/wordpress\/wp-content\/uploads\/2015\/01\/turismo11-2.jpg\" alt=\"turismo11-2\" width=\"500\" height=\"293\" srcset=\"https:\/\/www.marina-jacare-village.com\/wordpress\/wp-content\/uploads\/2015\/01\/turismo11-2.jpg 500w, https:\/\/www.marina-jacare-village.com\/wordpress\/wp-content\/uploads\/2015\/01\/turismo11-2-300x176.jpg 300w\" sizes=\"(max-width: 500px) 100vw, 500px\" \/><\/a><\/p>\n<p>As praias ao sul de Jo\u00e3o Pessao s\u00e3o umas mais bonitas que as outras: entre elas, Carapibus em Jacuman, a praia de Coquerinho, e Tambaba, a \u00fanica praia oficial de nudismo do Nordeste do Brasil. Pode-se entrar \u00e0 Tambaba em casal ou fam\u00edlia: os homens desacompanhados n\u00e3o s\u00e3o aceitos \u00e0 entrada da zona, onde o nudismo integral \u00e9 obrigat\u00f3rio (situado ao lado oposto da chegada); nudismo facultativo e topless autorizados sobre as praias situadas sobre a esquerda.<br \/>\n<a href=\"http:\/\/www.marina-jacare-village.com\/wordpress\/wp-content\/uploads\/2015\/01\/turismo3-2.jpg\"><img decoding=\"async\" loading=\"lazy\" class=\"alignnone size-full wp-image-96\" src=\"http:\/\/www.marina-jacare-village.com\/wordpress\/wp-content\/uploads\/2015\/01\/turismo3-2.jpg\" alt=\"turismo3-2\" width=\"500\" height=\"318\" srcset=\"https:\/\/www.marina-jacare-village.com\/wordpress\/wp-content\/uploads\/2015\/01\/turismo3-2.jpg 500w, https:\/\/www.marina-jacare-village.com\/wordpress\/wp-content\/uploads\/2015\/01\/turismo3-2-300x191.jpg 300w\" sizes=\"(max-width: 500px) 100vw, 500px\" \/><\/a><\/p>\n<p>H\u00e1 diversas pequenas pousadas ao redor, e um pequeno bar-restaurante com 6 bungalows r\u00fasticos na zona naturista. O lugar \u00e9 supervisionado..<\/p>\n<p>O INTERIOR:<br \/>\n<a href=\"http:\/\/www.marina-jacare-village.com\/wordpress\/wp-content\/uploads\/2015\/01\/turismo16-2.jpg\"><img decoding=\"async\" loading=\"lazy\" class=\"alignnone size-full wp-image-88\" src=\"http:\/\/www.marina-jacare-village.com\/wordpress\/wp-content\/uploads\/2015\/01\/turismo16-2.jpg\" alt=\"turismo16-2\" width=\"500\" height=\"349\" srcset=\"https:\/\/www.marina-jacare-village.com\/wordpress\/wp-content\/uploads\/2015\/01\/turismo16-2.jpg 500w, https:\/\/www.marina-jacare-village.com\/wordpress\/wp-content\/uploads\/2015\/01\/turismo16-2-300x209.jpg 300w, https:\/\/www.marina-jacare-village.com\/wordpress\/wp-content\/uploads\/2015\/01\/turismo16-2-330x230.jpg 330w\" sizes=\"(max-width: 500px) 100vw, 500px\" \/><\/a><\/p>\n<p><strong>Areia:<\/strong><br \/>\n<a href=\"http:\/\/www.marina-jacare-village.com\/wordpress\/wp-content\/uploads\/2015\/01\/turismo14-2.jpg\"><img decoding=\"async\" loading=\"lazy\" class=\"alignnone size-full wp-image-89\" src=\"http:\/\/www.marina-jacare-village.com\/wordpress\/wp-content\/uploads\/2015\/01\/turismo14-2.jpg\" alt=\"turismo14-2\" width=\"500\" height=\"324\" srcset=\"https:\/\/www.marina-jacare-village.com\/wordpress\/wp-content\/uploads\/2015\/01\/turismo14-2.jpg 500w, https:\/\/www.marina-jacare-village.com\/wordpress\/wp-content\/uploads\/2015\/01\/turismo14-2-300x194.jpg 300w\" sizes=\"(max-width: 500px) 100vw, 500px\" \/><\/a><\/p>\n<p>A duas horas e meia de \u00f4nibus, a viagem at\u00e9 a cidade de Areia, a 650 m de altitude, d\u00e1 uma boa ideia das diferentes paisagens do interior da regi\u00e3o, passando por zonas \u00e1ridas pontuadas por vales e vegeta\u00e7\u00f5es t\u00edpicas como o mandacaru, al\u00e9m das onipresentes planta\u00e7\u00f5es de cana de a\u00e7\u00facar. Conta com uma Faculdade de Agronomia, \u00e9 cercada de destilarias de cacha\u00e7a, e possu\u00ed 2 museus: um ilustra a hist\u00f3ria da cana de a\u00e7\u00facar; o outro \u00e9 uma antiga resid\u00eancia colonial que mostra o estilo de vida numa fazenda do s\u00e9culo XVII. H\u00e1 diversas pousadas locais e um hotel, mas a estrutura tur\u00edstica \u00e9 limitada, sendo prefer\u00edvel arranjar-se com um t\u00e1xi que sirva de guia para o dia.<\/p>\n<p>Para os passeios no interior, pode fazer muito calor de dia, como tamb\u00e9m bem mais frio que sobre a costa: prever vestimentas adequadas.<\/p>\n<p><a href=\"http:\/\/www.marina-jacare-village.com\/wordpress\/wp-content\/uploads\/2015\/01\/turismo13-2.jpg\"><img decoding=\"async\" loading=\"lazy\" class=\"alignnone size-full wp-image-90\" src=\"http:\/\/www.marina-jacare-village.com\/wordpress\/wp-content\/uploads\/2015\/01\/turismo13-2.jpg\" alt=\"turismo13-2\" width=\"500\" height=\"301\" srcset=\"https:\/\/www.marina-jacare-village.com\/wordpress\/wp-content\/uploads\/2015\/01\/turismo13-2.jpg 500w, https:\/\/www.marina-jacare-village.com\/wordpress\/wp-content\/uploads\/2015\/01\/turismo13-2-300x181.jpg 300w\" sizes=\"(max-width: 500px) 100vw, 500px\" \/><\/a><\/p>\n<p><strong>Campina Grande:<\/strong><br \/>\n\u00c9 a segunda maior cidade da Para\u00efba, situada em 129 Km da costa e a 550 m de altitude. Em junho, Campina Grande torna-se a capital do Forr\u00f3, com o alardeado maior S\u00e3o Jo\u00e3o do mundo: durante todo o m\u00eas, a grande quermesse gira em torno do forr\u00f3 e das quadrilhas nas ruas e dos pratos tradicionais \u00e0 base de milho, coroando com fogos de artif\u00edcios na noite de S\u00e3o Jo\u00e3o (23 de Junho). As festas representam a verdadeira tradi\u00e7\u00e3o do interior do Nordeste brasileiro; assim por toda a parte, o acontecimento toma a dimens\u00e3o de um verdadeiro carnaval campon\u00eas; notam-se particularmente o ambiente das ruas de Banareiras, (140 Km de Jo\u00e3o Pessoa), Santa Luzia, a 260 Km, Patos, a 300 Km, e Cabaceiras, que al\u00e9m disso, \u00e9 famosa pela tradicional festa do Bode Rei, que d\u00e1 um toque bem regional, tanto art\u00edstico como culin\u00e1rio, devido \u00e0 grande tradi\u00e7\u00e3o desse animal autenticamente sertanejo.<\/p>\n<p>S\u00edtios arqueol\u00f3gicos: O interior do pa\u00eds abriga numerosos s\u00edtios de gravuras rupestres, vest\u00edgios de antigas civiliza\u00e7\u00f5es, gigantescas forma\u00e7\u00f5es rochosas, vest\u00edgios de dinossauros e cascatas, imensa variedades de excurs\u00f5es com diversos graus de dificuldades onde pode-se praticar inclusive escalada e rappel.<br \/>\n<a href=\"http:\/\/www.marina-jacare-village.com\/wordpress\/wp-content\/uploads\/2015\/01\/turismo15-2.jpg\"><img decoding=\"async\" loading=\"lazy\" class=\"alignnone size-full wp-image-100\" src=\"http:\/\/www.marina-jacare-village.com\/wordpress\/wp-content\/uploads\/2015\/01\/turismo15-2.jpg\" alt=\"turismo15-2\" width=\"500\" height=\"331\" srcset=\"https:\/\/www.marina-jacare-village.com\/wordpress\/wp-content\/uploads\/2015\/01\/turismo15-2.jpg 500w, https:\/\/www.marina-jacare-village.com\/wordpress\/wp-content\/uploads\/2015\/01\/turismo15-2-300x199.jpg 300w\" sizes=\"(max-width: 500px) 100vw, 500px\" \/><\/a><\/p>\n<p>Entre outros:<br \/>\n<strong>O parque de Pedra da Boca<\/strong>, situado na fronteira entre a Para\u00edba e o Rio Grande do Norte, sobre as margens do Rio Calabou\u00e7o.<br \/>\nIng\u00e1 \u00e9 a localidade onde se encontra o mais importante monumento arqueol\u00f3gico brasileiro (a 90 Km de Jo\u00e3o Pessoa): Itacoatiara, um bloco de granito de 20 m de comprimento e 3m de altura, coberto de inscri\u00e7\u00f5es geom\u00e9tricas gravadas, suscitam \u00e0s especula\u00e7\u00f5es mais variadas por parte dos especialistas do mundo inteiro, sem que se tenha decifrado o significado.<\/p>\n<p>Pirpirituba conta com as mais bonitas cascatas da Para\u00edba, com a famosa \u201cCachoeira do Roncacador\u201d.<\/p>\n<p>Sousa, no meio da paisagem semi-\u00e1rida do sert\u00e3o, a 450 Km de Jo\u00e3o Pessoa. Esta cidade \u00e9 conhecida pelo seu \u201cVale dos Dinossauros\u201d: considerado um dos mais extensos s\u00edtios paleontol\u00f3gicos do mundo, visita-se por um conjunto de pontes estreitas de onde se v\u00ea elementos de esqueletos de animais pr\u00e9-hist\u00f3ricos de mais de 130 milh\u00f5es de anos.<\/p>\n<p>Vieir\u00f3polis, a 20 Km de Sousa, al\u00e9m do seu grande interesse arqueol\u00f3gico, oferece uma grande variedade de esportes de aventura.<\/p>\n<p>Caruaru: Situada a 2 horas de Recife, no interior, esta cidade \u00e9 famosa pela sua feira permanente de artesanato em couro, madeira e cer\u00e2mica. Facilmente acess\u00edvel por \u00f4nibus, com numerosas pousadas e hot\u00e9is (entre os quais o Central Hotel e o Hotel Caruaru: cerca de R$ 55,00 com caf\u00e9 da manh\u00e3 incluso).<\/p>\n<p><a href=\"http:\/\/www.marina-jacare-village.com\/wordpress\/wp-content\/uploads\/2015\/01\/turismo7-2.jpg\"><img decoding=\"async\" loading=\"lazy\" class=\"alignnone size-full wp-image-93\" src=\"http:\/\/www.marina-jacare-village.com\/wordpress\/wp-content\/uploads\/2015\/01\/turismo7-2.jpg\" alt=\"turismo7-2\" width=\"500\" height=\"375\" srcset=\"https:\/\/www.marina-jacare-village.com\/wordpress\/wp-content\/uploads\/2015\/01\/turismo7-2.jpg 500w, https:\/\/www.marina-jacare-village.com\/wordpress\/wp-content\/uploads\/2015\/01\/turismo7-2-300x225.jpg 300w\" sizes=\"(max-width: 500px) 100vw, 500px\" \/><\/a><\/p>\n<p>JACARE<br \/>\nBOA ESTADIA !!!<\/p>","protected":false},"excerpt":{"rendered":"<p>O que ver na regi\u00e3o (algumas sugest\u00f5es) Os nossos agradecimentos ao Governo da Para\u00efba e PBTUR pelas informa\u00e7\u00f5es e material divulgados . Visite: www.pbtur.pb.gov.br Informa\u00e7\u00f5es tur\u00edsticas: H\u00e1 um escrit\u00f3rio de&hellip; <\/p>\n","protected":false},"author":1,"featured_media":0,"parent":0,"menu_order":0,"comment_status":"closed","ping_status":"closed","template":"","meta":[],"_links":{"self":[{"href":"https:\/\/www.marina-jacare-village.com\/wordpress\/pt\/wp-json\/wp\/v2\/pages\/15"}],"collection":[{"href":"https:\/\/www.marina-jacare-village.com\/wordpress\/pt\/wp-json\/wp\/v2\/pages"}],"about":[{"href":"https:\/\/www.marina-jacare-village.com\/wordpress\/pt\/wp-json\/wp\/v2\/types\/page"}],"author":[{"embeddable":true,"href":"https:\/\/www.marina-jacare-village.com\/wordpress\/pt\/wp-json\/wp\/v2\/users\/1"}],"replies":[{"embeddable":true,"href":"https:\/\/www.marina-jacare-village.com\/wordpress\/pt\/wp-json\/wp\/v2\/comments?post=15"}],"version-history":[{"count":44,"href":"https:\/\/www.marina-jacare-village.com\/wordpress\/pt\/wp-json\/wp\/v2\/pages\/15\/revisions"}],"predecessor-version":[{"id":579,"href":"https:\/\/www.marina-jacare-village.com\/wordpress\/pt\/wp-json\/wp\/v2\/pages\/15\/revisions\/579"}],"wp:attachment":[{"href":"https:\/\/www.marina-jacare-village.com\/wordpress\/pt\/wp-json\/wp\/v2\/media?parent=15"}],"curies":[{"name":"wp","href":"https:\/\/api.w.org\/{rel}","templated":true}]}}