{"id":7,"date":"2015-01-18T17:01:22","date_gmt":"2015-01-18T20:01:22","guid":{"rendered":"http:\/\/www.marina-jacare-village.com\/wordpress\/?page_id=7"},"modified":"2020-05-16T10:27:24","modified_gmt":"2020-05-16T13:27:24","slug":"formalite","status":"publish","type":"page","link":"http:\/\/www.marina-jacare-village.com\/wordpress\/formalite\/","title":{"rendered":"Formalit\u00e9s"},"content":{"rendered":"<p><strong>Si vous touchez terre pour la premi\u00e8re fois au Br\u00e9sil,<\/strong> vous devrez faire les formalit\u00e9s d\u2019entr\u00e9e. Vous devrez d&rsquo;abord vous rendre \u00e0 la Police F\u00e9d\u00e9rale (Policia Federal) avec tous les membres d&rsquo;\u00e9quipage.<br \/>\nVous avez 2 jours ouvrables pour faire votre entr\u00e9e au pays, \u00e0 la Police F\u00e9d\u00e9rale (Policia Federal), puis aux douanes\u00a0 (Receita Federal), puis \u00e0 la Marine (Capitania dos Portos). Habillez-vous en pantalon, l\u2019acc\u00e8s pourrait vous \u00eatre refus\u00e9 si vous vous pr\u00e9sentez en short&#8230;<\/p>\n<p>&nbsp;<\/p>\n<ol>\n<li>Premi\u00e8re \u00e9tape : l&rsquo;immigration (Policia Federal) : A votre arriv\u00e9e vous aurez gratuitement un visa de 90 jours. Ce s\u00e9jour est non renouvelable pour les ressortissants UE. En th\u00e9orie il faut ensuite ressortir 90 jours du Br\u00e9sil pour avoir de nouveau droit \u00e0 90 jours suppl\u00e9mentaires. Si vous avez l\u2019intention de laisser votre bateau en vous absentant du pays, vous pouvez demander une extension de s\u00e9jour sous douane pour le bateau, laiss\u00e9 sous la garde d\u2019une entit\u00e9 reconnue, qui peut aller jusqu\u2019\u00e0 2 ans. Si vous souhaitez vous absenter et laisser votre bateau dans la marina, nous vous fournissons les documents n\u00e9cessaires.<\/li>\n<li>Deuxi\u00e8me \u00e9tape : les Douanes (Receita Federal)<br \/>\nAmenez avec vous les documents re\u00e7us \u00e0 la Police F\u00e9d\u00e9rale. Vous devrez vous y pr\u00e9senter muni d&rsquo;un document rempli en ligne sur le site de la Receita Federal, consultable sur ce lien <a href=\"https:\/\/www.edbv.receita.fazenda.gov.br\" target=\"_blank\" rel=\"noopener noreferrer\">https:\/\/www.edbv.receita.fazenda.gov.br<\/a><\/li>\n<li>Troisi\u00e8me \u00e9tape : la Marine (Capitania dos Portos) :<br \/>\nElle est ouverte jusqu\u2019\u00e0 16h et son r\u00f4le consiste essentiellement \u00e0 garantir la s\u00e9curit\u00e9 de la navigation le long des c\u00f4tes br\u00e9siliennes\u2026Allez y avec les documents de tout l\u2019\u00e9quipage et du bateau. Lorsque vous quittez l\u2019escale, signaler tout changement d\u2019\u00e9quipage.<\/li>\n<\/ol>\n<p>Les Douanes se trouvent au port de commerce de Cabedelo, facilement accessible en train depuis la Marina.<\/p>\n<p>D\u2019une mani\u00e8re g\u00e9n\u00e9rale, le br\u00e9silien est extr\u00eamement accueillant, et toutes ces formalit\u00e9s se passent de la meilleure fa\u00e7on, pour peu que vous r\u00e9alisiez que la valeur du temps n\u2019est probablement pas la m\u00eame ici que de l\u2019autre c\u00f4t\u00e9 de l\u2019Atlantique\u2026<\/p>\n<p><strong>Sortie :<\/strong><\/p>\n<ul>\n<li>Si vous quittez le territoire br\u00e9silien, vous devez refaire les m\u00eames formalit\u00e9s en sens inverse.<\/li>\n<li>Si vous quittez un port br\u00e9silien pour un autre, il vous faut passer \u00e0 la Marine.<\/li>\n<\/ul>\n<p><strong>Prolongation du \u00ab visa \u00bb du bateau :<\/strong><br \/>\nBien que votre s\u00e9jour total au br\u00e9sil ne puisse exc\u00e9der 180 jours par an, votre bateau peut, lui, rester jusqu\u2019\u00e0 2 ans, ce qui signifie que vous pouvez laisser le bateau pour visiter par voie terrestre ou a\u00e9rienne d\u2019autres pays d\u2019Am\u00e9rique latine, ou rentrer quelques mois dans votre pays d\u2019origine, par exemple\u2026<\/p>\n<p><strong>Pour ce faire, avant de quitter le Br\u00e9sil, vous devez :<\/strong><br \/>\nAller \u00e0 la Marine (Capitania dos Portos) de Cabedelo munis d\u2019une d\u00e9claration estampill\u00e9e de l\u2019entit\u00e9 reconnue (marina) qui a la garde de votre bateau, puis passer aux Douanes (Receita Federal) de Cabedelo, qui vous d\u00e9livrera une extension de droit de s\u00e9jour sous douane de votre bateau (sans aucune taxe d\u2019importation \u00e0 payer) pouvant aller jusqu&rsquo;\u00e0 24 mois.<\/p>","protected":false},"excerpt":{"rendered":"<p>Si vous touchez terre pour la premi\u00e8re fois au Br\u00e9sil, vous devrez faire les formalit\u00e9s d\u2019entr\u00e9e. Vous devrez d&rsquo;abord vous rendre \u00e0 la Police F\u00e9d\u00e9rale (Policia Federal) avec tous les&hellip; <\/p>\n","protected":false},"author":1,"featured_media":0,"parent":0,"menu_order":0,"comment_status":"closed","ping_status":"closed","template":"","meta":[],"_links":{"self":[{"href":"http:\/\/www.marina-jacare-village.com\/wordpress\/wp-json\/wp\/v2\/pages\/7"}],"collection":[{"href":"http:\/\/www.marina-jacare-village.com\/wordpress\/wp-json\/wp\/v2\/pages"}],"about":[{"href":"http:\/\/www.marina-jacare-village.com\/wordpress\/wp-json\/wp\/v2\/types\/page"}],"author":[{"embeddable":true,"href":"http:\/\/www.marina-jacare-village.com\/wordpress\/wp-json\/wp\/v2\/users\/1"}],"replies":[{"embeddable":true,"href":"http:\/\/www.marina-jacare-village.com\/wordpress\/wp-json\/wp\/v2\/comments?post=7"}],"version-history":[{"count":40,"href":"http:\/\/www.marina-jacare-village.com\/wordpress\/wp-json\/wp\/v2\/pages\/7\/revisions"}],"predecessor-version":[{"id":556,"href":"http:\/\/www.marina-jacare-village.com\/wordpress\/wp-json\/wp\/v2\/pages\/7\/revisions\/556"}],"wp:attachment":[{"href":"http:\/\/www.marina-jacare-village.com\/wordpress\/wp-json\/wp\/v2\/media?parent=7"}],"curies":[{"name":"wp","href":"https:\/\/api.w.org\/{rel}","templated":true}]}}