{"id":439,"date":"2019-12-06T16:39:46","date_gmt":"2019-12-06T19:39:46","guid":{"rendered":"http:\/\/www.marina-jacare-village.com\/wordpress\/?page_id=439"},"modified":"2020-06-04T09:06:03","modified_gmt":"2020-06-04T12:06:03","slug":"pourquoi-le-bresil","status":"publish","type":"page","link":"http:\/\/www.marina-jacare-village.com\/wordpress\/pourquoi-le-bresil\/","title":{"rendered":"Pourquoi le Br\u00e9sil?"},"content":{"rendered":"<p><strong>6 BONNES RAISONS DE TRAVERSER VERS LE BRESIL AVANT D\u2019ALLER AUX ANTILLES.<\/strong><\/p>\n<div><\/div>\n<p><strong>\u00a0 \u00a01\u00e8re bonne raison\/Ne pas faire comme tout le monde<\/strong>.<img decoding=\"async\" id=\"m_-87258681727029469172AC314AF-96FA-47C7-BD33-14B0717EE241\" class=\"CToWUd\" title=\"smiley\" src=\"https:\/\/mail.google.com\/mail\/u\/0?ui=2&amp;ik=fb972d12f5&amp;attid=0.1.1&amp;permmsgid=msg-f:1652119057262795153&amp;th=16ed81877ecd5991&amp;view=fimg&amp;sz=s0-l75-ft&amp;attbid=ANGjdJ8qGF2oi8viF4OGzp3rQWkn-iCLkla9PPSfWV7WFU881aV0IZAal-BOEeB1C7PN9oJVseWwdUNUNdfGqATfBsrNH1k3roSQxhyxRx2TNJz4vEw6r2mCWSskf5c&amp;disp=emb\" alt=\"smiley\" data-image-whitelisted=\"\" \/><\/p>\n<p>Le but de La navigation au grand large n\u2019est pas de passer d\u2019un c\u00f4t\u00e9 \u00e0 l\u2019autre de l\u2019oc\u00e9an, au milieu de centaines de bateaux, et de se retrouver de l\u2019autre c\u00f4t\u00e9 dans des mouillages et des marinas surpeupl\u00e9s.<\/p>\n<p><strong>\u00a0 \u00a02\u00e8me bonne raison\/La travers\u00e9e de l\u2019Atlantique la plus courte possible\u00a0:<\/strong><\/p>\n<p>Cap vert\/Fernando de Noronha=1220 Nm<\/p>\n<p>Cap vert\/Marina Jacar\u00e9=1466 Nm<\/p>\n<p><strong>\u00a0 \u00a03\u00e8me bonne raison\/La population Br\u00e9silienne est une des populations les plus accueillante du monde,<\/strong>\u00a0avec une joie de vivre que rien ne semble pouvoir alt\u00e9rer. Une fois au Br\u00e9sil, tout un continent est \u00e0 d\u00e9couvrir et ainsi qu\u2019un Carnaval sans \u00e9gal dans le monde.<\/p>\n<p><strong>\u00a0 \u00a04\u00e8me bonne raison\/Le co\u00fbt de la vie au Br\u00e9sil est bon march\u00e9<\/strong>\u00a0pour les produits de la vie courante (restaurant, supermarch\u00e9, carburant, h\u00f4tel, taxi, voyages \u00e0 l\u2019int\u00e9rieur du pays), minimum moiti\u00e9 prix des Cara\u00efbes.<\/p>\n<p><strong>\u00a0 \u00a05\u00e8me bonne raison\/Le bateau peut s\u00e9journer deux ans en toute s\u00e9curit\u00e9 dans un endroit o\u00f9 le risque de cyclones est inexistant e<\/strong>t le climat \u00e9gal toute l\u2019ann\u00e9e.<\/p>\n<div>\u00a0<strong>\u00a0 \u00a06\u00e8me bonne raison\/Le moment venu de quitter le Br\u00e9sil pour les Antilles, la croisi\u00e8re vers les Cara\u00efbes est une des plus faciles et\u00a0<\/strong>agr\u00e9ables qui soit.Elle vous permettra de battre tous vos records de vitesse gr\u00e2ce au courant et au vent favorables\u2026<\/div>\n<p>Vous passerez l\u2019Equateur pour la deuxi\u00e8me fois, ce qui est toujours un grand moment.<\/p>\n<p>Vous pourrez profiter d\u2019escales exceptionnelles avant de quitter le pays en allant vers le nord, (tel que l\u2019ile de Len\u00e7ois, extraordinaire petit paradis au milieu des dunes) puis les Iles du Salut, St Laurent du Maroni, le Suriname. Tout cela avant d\u2019arriver \u00e0 Tobago, ou \u00e0 Grenade, unes des plus belles iles des Cara\u00efbes.<\/p>\n<div>\u00a0<strong>LES FAUSSES RAISONS QUI PEUVENT VOUS FAIRE HESITER<\/strong><\/div>\n<p><strong>\u00ab\u00a0Il faut traverser le pot au noir et c\u2019est compliqu\u00e9! \u00ab\u00a0<\/strong><\/p>\n<p>Le pot au noir est un casse-t\u00eate pour les coureurs au large qui par nature sont des gens press\u00e9s qui ne peuvent pas utiliser leur moteur.<\/p>\n<p>Pour les plaisanciers que nous sommes, pour peu que l\u2019on se d\u00e9cide \u00e0 faire entre 24 et 36 heures de moteur plein sud lorsqu\u2019on entre dans la zone, on r\u00e9cup\u00e8re rapidement les aliz\u00e9s de SE et la travers\u00e9e du fameux pot se r\u00e9sume \u00e0 quelques douches rafra\u00eechissantes sous les grains.<\/p>\n<p><strong>\u00ab\u00a0Le Br\u00e9sil est un pays peu s\u00fbr.\u00a0\u00bb<\/strong><\/p>\n<p>La violence et l\u2019ins\u00e9curit\u00e9 au Br\u00e9sil sont concentr\u00e9s dans les favelas, et concerne dans 90% des cas les gens li\u00e9s au trafic de drogue.<\/p>\n<p>Les probl\u00e8mes avec les touristes, et notamment en navigation sont nettement moins fr\u00e9quents que dans les Antilles, et on peut naviguer le long des c\u00f4tes sans crainte, en toute s\u00e9curit\u00e9.<\/p>\n<p>Voil\u00e0 pourquoi il est difficile de comprendre la pr\u00e9cipitation de certains navigateurs d\u2019aller vers les Antilles sans profiter de ce pays extraordinaire et d\u00e9paysant ! Une fois dans les Cara\u00efbes, il est tr\u00e8s compliqu\u00e9 de revenir vers le Br\u00e9sil.<\/p>\n<p><strong>S\u00e9curit\u00e9 locale:<\/strong><br \/>\nLe mouillage de Jacar\u00e9 est relativement s\u00fbr, bien que le courant descendant puisse \u00eatre assez fort\u00a0; il arrive que la renverse du courant fasse surpater la cha\u00eene autour de l\u2019ancre\u2026<br \/>\nIl est bien entendu conseill\u00e9 d\u2019\u00e9viter de provoquer les tentations en laissant le bateau ouvert en absence d\u2019\u00e9quipage, ou l\u2019annexe libre \u00e0 terre ou derri\u00e8re le bateau la nuit par exemple.<br \/>\nComme partout dans le monde o\u00f9 l\u2019on rencontre de grandes diff\u00e9rences sociales, \u00e9vitez l\u2019ostentation, ne vous promenez pas avec des bijoux de valeur dans les rues, \u00e9vitez les endroits mal \u00e9clair\u00e9s et les bas quartiers le soir\u2026Le Nordeste du Br\u00e9sil, d\u2019une mani\u00e8re g\u00e9n\u00e9rale, est une r\u00e9gion calme et s\u00fbre\u2026<br \/>\nEn tout \u00e9tat de cause, on \u00e9vitera de se trouver au mauvais moment dans le mauvais quartier, tout comme on le ferait dans n\u2019importe quelle grande ville du monde (Cabedelo se trouve \u00e0 quelques kilom\u00e8tres de Jo\u00e3o Pessoa, ville de 800 000 habitants \u2026).<br \/>\nHormis pour faire les formalit\u00e9s d\u2019entr\u00e9e, ou pour aller changer des devises, il n\u2019est pas n\u00e9cessaire de garder son passeport sur soi\u00a0; les autorit\u00e9s br\u00e9siliennes acceptent une simple photocopie&#8230;<\/p>\n<p><strong>ALORS BIENVENUE AU BR\u00c9SIL! VENEZ PARTAGER LA JOIE DE VIVRE<\/strong><\/p>\n<p><a href=\"https:\/\/www.facebook.com\/100011337083697\/posts\/1236191940102030?sfns=mo\">https:\/\/www.facebook.com\/100011337083697\/posts\/1236191940102030?sfns=mo<\/a><\/p>","protected":false},"excerpt":{"rendered":"<p>6 BONNES RAISONS DE TRAVERSER VERS LE BRESIL AVANT D\u2019ALLER AUX ANTILLES. \u00a0 \u00a01\u00e8re bonne raison\/Ne pas faire comme tout le monde. Le but de La navigation au grand large&hellip; <\/p>\n","protected":false},"author":1,"featured_media":0,"parent":0,"menu_order":1,"comment_status":"closed","ping_status":"closed","template":"","meta":[],"_links":{"self":[{"href":"http:\/\/www.marina-jacare-village.com\/wordpress\/wp-json\/wp\/v2\/pages\/439"}],"collection":[{"href":"http:\/\/www.marina-jacare-village.com\/wordpress\/wp-json\/wp\/v2\/pages"}],"about":[{"href":"http:\/\/www.marina-jacare-village.com\/wordpress\/wp-json\/wp\/v2\/types\/page"}],"author":[{"embeddable":true,"href":"http:\/\/www.marina-jacare-village.com\/wordpress\/wp-json\/wp\/v2\/users\/1"}],"replies":[{"embeddable":true,"href":"http:\/\/www.marina-jacare-village.com\/wordpress\/wp-json\/wp\/v2\/comments?post=439"}],"version-history":[{"count":20,"href":"http:\/\/www.marina-jacare-village.com\/wordpress\/wp-json\/wp\/v2\/pages\/439\/revisions"}],"predecessor-version":[{"id":574,"href":"http:\/\/www.marina-jacare-village.com\/wordpress\/wp-json\/wp\/v2\/pages\/439\/revisions\/574"}],"wp:attachment":[{"href":"http:\/\/www.marina-jacare-village.com\/wordpress\/wp-json\/wp\/v2\/media?parent=439"}],"curies":[{"name":"wp","href":"https:\/\/api.w.org\/{rel}","templated":true}]}}