{"id":176,"date":"2015-01-20T14:58:10","date_gmt":"2015-01-20T17:58:10","guid":{"rendered":"http:\/\/www.marina-jacare-village.com\/wordpress\/?page_id=176"},"modified":"2024-02-17T08:25:25","modified_gmt":"2024-02-17T11:25:25","slug":"nous-contacter","status":"publish","type":"page","link":"http:\/\/www.marina-jacare-village.com\/wordpress\/nous-contacter\/","title":{"rendered":"Nous contacter"},"content":{"rendered":"<p><\/p>\n<p style=\"text-align: center;\">Pour tous renseignements vous pouvez nous joindre \u00e0 notre adresse:<\/p>\n<p style=\"text-align: center;\">MARINA JACAR\u00c9 VILLAGE<br \/>\nVILA DOS PESCADORES<\/p>\n<p style=\"text-align: center;\">RUA PRAIA DO JACAR\u00c9, 185<br \/>\nCEP 58105.810 CABEDELO-PB<\/p>\n<p style=\"text-align: center;\">BR\u00c9SIL<\/p>\n<p style=\"text-align: center;\">WhatsApp &#8211; E-mail<br \/>\n+55 83 98600 6798<\/p>\n<p style=\"text-align: center;\">contact@marina-jacare-village.com<\/p>\n<p style=\"text-align: center;\"><div role=\"form\" class=\"wpcf7\" id=\"wpcf7-f458-o3\" lang=\"en-US\" dir=\"ltr\">\n<div class=\"screen-reader-response\"><\/div>\n<form action=\"\/wordpress\/wp-json\/wp\/v2\/pages\/176#wpcf7-f458-o3\" method=\"post\" class=\"wpcf7-form\" novalidate=\"novalidate\">\n<div style=\"display: none;\">\n<input type=\"hidden\" name=\"_wpcf7\" value=\"458\" \/>\n<input type=\"hidden\" name=\"_wpcf7_version\" value=\"5.1.7\" \/>\n<input type=\"hidden\" name=\"_wpcf7_locale\" value=\"en_US\" \/>\n<input type=\"hidden\" name=\"_wpcf7_unit_tag\" value=\"wpcf7-f458-o3\" \/>\n<input type=\"hidden\" name=\"_wpcf7_container_post\" value=\"0\" \/>\n<\/div>\n<p><label> Your Name (required)<br \/>\n    <span class=\"wpcf7-form-control-wrap your-name\"><input type=\"text\" name=\"your-name\" value=\"\" size=\"40\" class=\"wpcf7-form-control wpcf7-text wpcf7-validates-as-required\" aria-required=\"true\" aria-invalid=\"false\" \/><\/span> <\/label><\/p>\n<p><label> Your Email (required)<br \/>\n    <span class=\"wpcf7-form-control-wrap your-email\"><input type=\"email\" name=\"your-email\" value=\"\" size=\"40\" class=\"wpcf7-form-control wpcf7-text wpcf7-email wpcf7-validates-as-required wpcf7-validates-as-email\" aria-required=\"true\" aria-invalid=\"false\" \/><\/span> <\/label><\/p>\n<p><label> Subject<br \/>\n    <span class=\"wpcf7-form-control-wrap your-subject\"><input type=\"text\" name=\"your-subject\" value=\"\" size=\"40\" class=\"wpcf7-form-control wpcf7-text\" aria-invalid=\"false\" \/><\/span> <\/label><\/p>\n<p><label> Your Message<br \/>\n    <span class=\"wpcf7-form-control-wrap your-message\"><textarea name=\"your-message\" cols=\"40\" rows=\"10\" class=\"wpcf7-form-control wpcf7-textarea\" aria-invalid=\"false\"><\/textarea><\/span> <\/label><\/p>\n<p><input type=\"submit\" value=\"Send\" class=\"wpcf7-form-control wpcf7-submit\" \/><\/p>\n<p style=\"display: none !important;\" class=\"akismet-fields-container\" data-prefix=\"_wpcf7_ak_\"><label>&#916;<textarea name=\"_wpcf7_ak_hp_textarea\" cols=\"45\" rows=\"8\" maxlength=\"100\"><\/textarea><\/label><input type=\"hidden\" id=\"ak_js_3\" name=\"_wpcf7_ak_js\" value=\"176\"\/><script>document.getElementById( \"ak_js_3\" ).setAttribute( \"value\", ( new Date() ).getTime() );<\/script><\/p><div class=\"wpcf7-response-output wpcf7-display-none\"><\/div><\/form><\/div><\/p>\n<p><\/p>","protected":false},"excerpt":{"rendered":"<p>Pour tous renseignements vous pouvez nous joindre \u00e0 notre adresse: MARINA JACAR\u00c9 VILLAGE VILA DOS PESCADORES RUA PRAIA DO JACAR\u00c9, 185 CEP 58105.810 CABEDELO-PB BR\u00c9SIL WhatsApp &#8211; E-mail +55 83&hellip; <\/p>\n","protected":false},"author":1,"featured_media":0,"parent":0,"menu_order":0,"comment_status":"closed","ping_status":"closed","template":"","meta":[],"_links":{"self":[{"href":"http:\/\/www.marina-jacare-village.com\/wordpress\/wp-json\/wp\/v2\/pages\/176"}],"collection":[{"href":"http:\/\/www.marina-jacare-village.com\/wordpress\/wp-json\/wp\/v2\/pages"}],"about":[{"href":"http:\/\/www.marina-jacare-village.com\/wordpress\/wp-json\/wp\/v2\/types\/page"}],"author":[{"embeddable":true,"href":"http:\/\/www.marina-jacare-village.com\/wordpress\/wp-json\/wp\/v2\/users\/1"}],"replies":[{"embeddable":true,"href":"http:\/\/www.marina-jacare-village.com\/wordpress\/wp-json\/wp\/v2\/comments?post=176"}],"version-history":[{"count":71,"href":"http:\/\/www.marina-jacare-village.com\/wordpress\/wp-json\/wp\/v2\/pages\/176\/revisions"}],"predecessor-version":[{"id":606,"href":"http:\/\/www.marina-jacare-village.com\/wordpress\/wp-json\/wp\/v2\/pages\/176\/revisions\/606"}],"wp:attachment":[{"href":"http:\/\/www.marina-jacare-village.com\/wordpress\/wp-json\/wp\/v2\/media?parent=176"}],"curies":[{"name":"wp","href":"https:\/\/api.w.org\/{rel}","templated":true}]}}