{"id":17,"date":"2015-01-18T17:15:31","date_gmt":"2015-01-18T20:15:31","guid":{"rendered":"http:\/\/www.marina-jacare-village.com\/wordpress\/?page_id=17"},"modified":"2022-08-02T20:02:32","modified_gmt":"2022-08-02T23:02:32","slug":"instalations","status":"publish","type":"page","link":"http:\/\/www.marina-jacare-village.com\/wordpress\/instalations\/","title":{"rendered":"Installations"},"content":{"rendered":"<p><strong>Les installations de MARINA JACAR\u00c9 VILLAGE<\/strong><\/p>\n<p><a href=\"http:\/\/www.marina-jacare-village.com\/wordpress\/wp-content\/uploads\/2015\/01\/Domenico-AGNOLA.jpg\"><img decoding=\"async\" loading=\"lazy\" class=\"size-medium wp-image-386 aligncenter\" src=\"http:\/\/www.marina-jacare-village.com\/wordpress\/wp-content\/uploads\/2015\/01\/Domenico-AGNOLA-300x225.jpg\" alt=\"\" width=\"300\" height=\"225\" srcset=\"http:\/\/www.marina-jacare-village.com\/wordpress\/wp-content\/uploads\/2015\/01\/Domenico-AGNOLA-300x225.jpg 300w, http:\/\/www.marina-jacare-village.com\/wordpress\/wp-content\/uploads\/2015\/01\/Domenico-AGNOLA-768x576.jpg 768w, http:\/\/www.marina-jacare-village.com\/wordpress\/wp-content\/uploads\/2015\/01\/Domenico-AGNOLA.jpg 960w\" sizes=\"(max-width: 300px) 100vw, 300px\" \/><\/a><\/p>\n<p><strong>Aux pontons:<\/strong> des bornes de connexion \u00e0 l&rsquo;eau douce et l&rsquo;\u00e9lectricit\u00e9 (220 V 60 Hz).<\/p>\n<p><strong><a href=\"http:\/\/www.marina-jacare-village.com\/wordpress\/wp-content\/uploads\/2015\/01\/wasser_strom.jpg\"><img decoding=\"async\" loading=\"lazy\" class=\"alignleft wp-image-60\" src=\"http:\/\/www.marina-jacare-village.com\/wordpress\/wp-content\/uploads\/2015\/01\/wasser_strom-150x150.jpg\" alt=\"wasser_strom\" width=\"150\" height=\"150\" srcset=\"http:\/\/www.marina-jacare-village.com\/wordpress\/wp-content\/uploads\/2015\/01\/wasser_strom-150x150.jpg 150w, http:\/\/www.marina-jacare-village.com\/wordpress\/wp-content\/uploads\/2015\/01\/wasser_strom-330x330.jpg 330w\" sizes=\"(max-width: 150px) 100vw, 150px\" \/><\/a><\/strong><br \/>\n<strong>A terre:<\/strong> un barbecue, une piscine d&rsquo;agr\u00e9ment, une laverie, un acc\u00e8s gratuit \u00e0 l&rsquo;Internet en wifi, des douches et sanitaires.<\/p>\n<p><a href=\"http:\/\/www.marina-jacare-village.com\/wordpress\/wp-content\/uploads\/2015\/01\/pool.jpg\"><img decoding=\"async\" loading=\"lazy\" class=\"size-thumbnail wp-image-59 aligncenter\" src=\"http:\/\/www.marina-jacare-village.com\/wordpress\/wp-content\/uploads\/2015\/01\/pool-150x150.jpg\" alt=\"pool\" width=\"150\" height=\"150\" srcset=\"http:\/\/www.marina-jacare-village.com\/wordpress\/wp-content\/uploads\/2015\/01\/pool-150x150.jpg 150w, http:\/\/www.marina-jacare-village.com\/wordpress\/wp-content\/uploads\/2015\/01\/pool-330x330.jpg 330w\" sizes=\"(max-width: 150px) 100vw, 150px\" \/><\/a><\/p>\n<p>L&rsquo;utilisation de la piscine, des douches et sanitaires, et l\u2019acc\u00e8s aux bornes d&rsquo;eau et d&rsquo;\u00e9lectricit\u00e9 sont r\u00e9serv\u00e9s aux usagers de la Marina Jacar\u00e9 Village.<\/p>\n<p><strong><a href=\"http:\/\/www.marina-jacare-village.com\/wordpress\/wp-content\/uploads\/2015\/01\/slip.jpg\"><img decoding=\"async\" loading=\"lazy\" class=\"alignleft size-thumbnail wp-image-181\" src=\"http:\/\/www.marina-jacare-village.com\/wordpress\/wp-content\/uploads\/2015\/01\/slip-150x150.jpg\" alt=\"slip\" width=\"150\" height=\"150\" srcset=\"http:\/\/www.marina-jacare-village.com\/wordpress\/wp-content\/uploads\/2015\/01\/slip-150x150.jpg 150w, http:\/\/www.marina-jacare-village.com\/wordpress\/wp-content\/uploads\/2015\/01\/slip-330x330.jpg 330w\" sizes=\"(max-width: 150px) 100vw, 150px\" \/><\/a>Gaz, Gasoil<\/strong> <strong>et cale s\u00e8che<\/strong> pour le car\u00e9nage de bateaux \u00e0 mar\u00e9e basse. Machine de lavage sous pression, peintures antifouiling etc&#8230; peuvent \u00eatre mises \u00e0 disposition\u00a0: se renseigner \u00e0 la r\u00e9ception.<\/p>\n<p><strong><a href=\"http:\/\/www.marina-jacare-village.com\/wordpress\/wp-content\/uploads\/2015\/01\/steg.jpg\"><img decoding=\"async\" loading=\"lazy\" class=\" size-thumbnail wp-image-61 alignright\" src=\"http:\/\/www.marina-jacare-village.com\/wordpress\/wp-content\/uploads\/2015\/01\/steg-150x150.jpg\" alt=\"steg\" width=\"150\" height=\"150\" srcset=\"http:\/\/www.marina-jacare-village.com\/wordpress\/wp-content\/uploads\/2015\/01\/steg-150x150.jpg 150w, http:\/\/www.marina-jacare-village.com\/wordpress\/wp-content\/uploads\/2015\/01\/steg-330x330.jpg 330w\" sizes=\"(max-width: 150px) 100vw, 150px\" \/><\/a>Prix de l\u2019amarrage aux pontons:<\/strong> Bas\u00e9 sur la dur\u00e9e estim\u00e9e de votre s\u00e9jour, Marina Jacar\u00e9 Village propose des tarifs d\u00e9gressifs avec 20 \u00e0 30% de remise pour des forfaits pr\u00e9-pay\u00e9s sur 1 mois et sur 6 mois.<\/p>\n<p><strong>Sont inclus dans le tarif d\u2019amarrage de Jacar\u00e9 Village : l<\/strong><strong>\u2019amarrage, l\u2019eau aux pontons, l\u2019acc\u00e8s aux services (piscine, sanitaires, barbecue, etc.).<\/strong><\/p>\n<p><strong>L&rsquo;acc\u00e8s \u00e0 l&rsquo;internet par wifi est gratuit.<\/strong><\/p>\n<p>Nous proposons \u00e9galement des forfaits au mouillage ou sur bou\u00e9e permettant de b\u00e9n\u00e9ficier des services et des installations de la Marina. Si vous pr\u00e9f\u00e9rez rester au mouillage, vous pouvez, pour l\u2019\u00e9quivalent d&rsquo;un forfait hebdomadaire, acc\u00e9der aux douches, aux sanitaires et \u00e0 la piscine, laisser votre annexe en s\u00e9curit\u00e9 jour et nuit au ponton d\u2019accueil et b\u00e9n\u00e9ficier de l\u2019acc\u00e8s Internet wifi gratuit (sans compter bien entendu l\u2019acc\u00e8s \u00e0 la laverie, le bar, le restaurant, la biblioth\u00e8que&#8230;)<\/p>\n<p><strong>Mise \u00e0 sec des bateaux:<\/strong> Nous avons adopt\u00e9 le syst\u00e8me versatile Parklev, qui nous permet de sortir les monocoques et catamarans jusqu&rsquo;\u00e0 44 pieds et 15 tonnes, sans d\u00e9m\u00e2tage. Notre parc de mise \u00e0 sec est \u00e9quip\u00e9 de bornes \u00e9lectriques et d&rsquo;eau et peut abriter une quinzaine de voiliers.<a href=\"http:\/\/www.marina-jacare-village.com\/wordpress\/wp-content\/uploads\/2020\/05\/Photo-marina-1.jpg\"><br \/>\n<\/a><\/p>\n<p><a href=\"http:\/\/www.marina-jacare-village.com\/wordpress\/wp-content\/uploads\/2015\/01\/Sortie-Parklev.jpg\"><img decoding=\"async\" loading=\"lazy\" class=\"alignnone size-medium wp-image-376\" src=\"http:\/\/www.marina-jacare-village.com\/wordpress\/wp-content\/uploads\/2015\/01\/Sortie-Parklev-300x300.jpg\" alt=\"\" width=\"300\" height=\"300\" srcset=\"http:\/\/www.marina-jacare-village.com\/wordpress\/wp-content\/uploads\/2015\/01\/Sortie-Parklev-300x300.jpg 300w, http:\/\/www.marina-jacare-village.com\/wordpress\/wp-content\/uploads\/2015\/01\/Sortie-Parklev-150x150.jpg 150w, http:\/\/www.marina-jacare-village.com\/wordpress\/wp-content\/uploads\/2015\/01\/Sortie-Parklev-768x768.jpg 768w, http:\/\/www.marina-jacare-village.com\/wordpress\/wp-content\/uploads\/2015\/01\/Sortie-Parklev-1024x1024.jpg 1024w, http:\/\/www.marina-jacare-village.com\/wordpress\/wp-content\/uploads\/2015\/01\/Sortie-Parklev-330x330.jpg 330w, http:\/\/www.marina-jacare-village.com\/wordpress\/wp-content\/uploads\/2015\/01\/Sortie-Parklev.jpg 1221w\" sizes=\"(max-width: 300px) 100vw, 300px\" \/><\/a>\u00a0 \u00a0 \u00a0 \u00a0 \u00a0 \u00a0 <a href=\"http:\/\/www.marina-jacare-village.com\/wordpress\/wp-content\/uploads\/2015\/01\/Sortie-Parklev-2.jpg\"><img decoding=\"async\" loading=\"lazy\" class=\"size-medium wp-image-375 alignright\" src=\"http:\/\/www.marina-jacare-village.com\/wordpress\/wp-content\/uploads\/2015\/01\/Sortie-Parklev-2-300x225.jpg\" alt=\"\" width=\"300\" height=\"225\" srcset=\"http:\/\/www.marina-jacare-village.com\/wordpress\/wp-content\/uploads\/2015\/01\/Sortie-Parklev-2-300x225.jpg 300w, http:\/\/www.marina-jacare-village.com\/wordpress\/wp-content\/uploads\/2015\/01\/Sortie-Parklev-2-768x576.jpg 768w, http:\/\/www.marina-jacare-village.com\/wordpress\/wp-content\/uploads\/2015\/01\/Sortie-Parklev-2-1024x768.jpg 1024w\" sizes=\"(max-width: 300px) 100vw, 300px\" \/><\/a><\/p>\n<p>&nbsp;<\/p>\n<p>&nbsp;<\/p>\n<p style=\"text-align: center;\"><a href=\"http:\/\/www.marina-jacare-village.com\/wordpress\/wp-content\/uploads\/2020\/05\/Photo-marina-1.jpg\"><img decoding=\"async\" loading=\"lazy\" class=\"alignnone size-medium wp-image-515\" src=\"http:\/\/www.marina-jacare-village.com\/wordpress\/wp-content\/uploads\/2020\/05\/Photo-marina-1-300x251.jpg\" alt=\"\" width=\"300\" height=\"251\" srcset=\"http:\/\/www.marina-jacare-village.com\/wordpress\/wp-content\/uploads\/2020\/05\/Photo-marina-1-300x251.jpg 300w, http:\/\/www.marina-jacare-village.com\/wordpress\/wp-content\/uploads\/2020\/05\/Photo-marina-1-1024x855.jpg 1024w, http:\/\/www.marina-jacare-village.com\/wordpress\/wp-content\/uploads\/2020\/05\/Photo-marina-1-768x641.jpg 768w, http:\/\/www.marina-jacare-village.com\/wordpress\/wp-content\/uploads\/2020\/05\/Photo-marina-1-1536x1283.jpg 1536w, http:\/\/www.marina-jacare-village.com\/wordpress\/wp-content\/uploads\/2020\/05\/Photo-marina-1.jpg 1868w\" sizes=\"(max-width: 300px) 100vw, 300px\" \/><\/a><\/p>\n<p><a href=\"http:\/\/www.marina-jacare-village.com\/wordpress\/wp-content\/uploads\/2018\/08\/Sortie-Ovni.jpg\"><img decoding=\"async\" loading=\"lazy\" class=\"alignnone size-medium wp-image-416\" src=\"http:\/\/www.marina-jacare-village.com\/wordpress\/wp-content\/uploads\/2018\/08\/Sortie-Ovni-300x225.jpg\" alt=\"\" width=\"300\" height=\"225\" srcset=\"http:\/\/www.marina-jacare-village.com\/wordpress\/wp-content\/uploads\/2018\/08\/Sortie-Ovni-300x225.jpg 300w, http:\/\/www.marina-jacare-village.com\/wordpress\/wp-content\/uploads\/2018\/08\/Sortie-Ovni-768x576.jpg 768w, http:\/\/www.marina-jacare-village.com\/wordpress\/wp-content\/uploads\/2018\/08\/Sortie-Ovni-1024x768.jpg 1024w\" sizes=\"(max-width: 300px) 100vw, 300px\" \/><\/a> <a href=\"http:\/\/www.marina-jacare-village.com\/wordpress\/wp-content\/uploads\/2018\/08\/Sortie-Ovni-2.jpg\"><img decoding=\"async\" loading=\"lazy\" class=\"alignnone size-medium wp-image-415\" src=\"http:\/\/www.marina-jacare-village.com\/wordpress\/wp-content\/uploads\/2018\/08\/Sortie-Ovni-2-300x225.jpg\" alt=\"\" width=\"300\" height=\"225\" srcset=\"http:\/\/www.marina-jacare-village.com\/wordpress\/wp-content\/uploads\/2018\/08\/Sortie-Ovni-2-300x225.jpg 300w, http:\/\/www.marina-jacare-village.com\/wordpress\/wp-content\/uploads\/2018\/08\/Sortie-Ovni-2-768x576.jpg 768w, http:\/\/www.marina-jacare-village.com\/wordpress\/wp-content\/uploads\/2018\/08\/Sortie-Ovni-2-1024x768.jpg 1024w\" sizes=\"(max-width: 300px) 100vw, 300px\" \/><\/a><\/p>\n<p>&nbsp;<\/p>\n<p>Nos deux pontons sont d\u00e9sormais agrandis et nous pouvons accueillir les voiliers calant jusqu&rsquo;\u00e0 3.2m.<\/p>\n<p>&nbsp;<\/p>\n<p style=\"text-align: center;\"><a href=\"http:\/\/www.marina-jacare-village.com\/wordpress\/wp-content\/uploads\/2015\/01\/Extension-ponton.jpg\"><img decoding=\"async\" loading=\"lazy\" class=\"alignnone size-medium wp-image-379\" src=\"http:\/\/www.marina-jacare-village.com\/wordpress\/wp-content\/uploads\/2015\/01\/Extension-ponton-300x224.jpg\" alt=\"\" width=\"300\" height=\"224\" srcset=\"http:\/\/www.marina-jacare-village.com\/wordpress\/wp-content\/uploads\/2015\/01\/Extension-ponton-300x224.jpg 300w, http:\/\/www.marina-jacare-village.com\/wordpress\/wp-content\/uploads\/2015\/01\/Extension-ponton-768x574.jpg 768w, http:\/\/www.marina-jacare-village.com\/wordpress\/wp-content\/uploads\/2015\/01\/Extension-ponton-1024x765.jpg 1024w\" sizes=\"(max-width: 300px) 100vw, 300px\" \/><\/a><\/p>\n<p>&nbsp;<\/p>\n<p>Un tr\u00e8s bon guide au format PDF (n\u00e9cessite Acrobat Reader) est \u00e0 consulter en visitant le site <a href=\"http:\/\/www.amelcaramel.net\/\" target=\"_blank\" rel=\"noopener noreferrer\"><strong>www.amelcaramel.net.<\/strong><\/a><\/p>\n<p><strong>Bicyclettes:\u00a0<\/strong>Possibilit\u00e9 de louer des v\u00e9los au bar.<\/p>\n<p class=\"wpview-selection-before\"><a href=\"http:\/\/www.marina-jacare-village.com\/wordpress\/wp-content\/uploads\/2015\/01\/bikes.jpg\"><img decoding=\"async\" loading=\"lazy\" class=\"alignleft size-thumbnail wp-image-65\" src=\"http:\/\/www.marina-jacare-village.com\/wordpress\/wp-content\/uploads\/2015\/01\/bikes-150x150.jpg\" alt=\"bikes\" width=\"150\" height=\"150\" srcset=\"http:\/\/www.marina-jacare-village.com\/wordpress\/wp-content\/uploads\/2015\/01\/bikes-150x150.jpg 150w, http:\/\/www.marina-jacare-village.com\/wordpress\/wp-content\/uploads\/2015\/01\/bikes-330x330.jpg 330w\" sizes=\"(max-width: 150px) 100vw, 150px\" \/><\/a><a href=\"http:\/\/www.marina-jacare-village.com\/wordpress\/wp-content\/uploads\/2015\/01\/books.jpg\"><img decoding=\"async\" loading=\"lazy\" class=\"alignleft size-thumbnail wp-image-64\" src=\"http:\/\/www.marina-jacare-village.com\/wordpress\/wp-content\/uploads\/2015\/01\/books-150x150.jpg\" alt=\"books\" width=\"150\" height=\"150\" srcset=\"http:\/\/www.marina-jacare-village.com\/wordpress\/wp-content\/uploads\/2015\/01\/books-150x150.jpg 150w, http:\/\/www.marina-jacare-village.com\/wordpress\/wp-content\/uploads\/2015\/01\/books-330x330.jpg 330w\" sizes=\"(max-width: 150px) 100vw, 150px\" \/><\/a><\/p>\n<p><\/p>","protected":false},"excerpt":{"rendered":"<p>Les installations de MARINA JACAR\u00c9 VILLAGE Aux pontons: des bornes de connexion \u00e0 l&rsquo;eau douce et l&rsquo;\u00e9lectricit\u00e9 (220 V 60 Hz). A terre: un barbecue, une piscine d&rsquo;agr\u00e9ment, une laverie,&hellip; <\/p>\n","protected":false},"author":1,"featured_media":0,"parent":0,"menu_order":0,"comment_status":"closed","ping_status":"closed","template":"","meta":[],"_links":{"self":[{"href":"http:\/\/www.marina-jacare-village.com\/wordpress\/wp-json\/wp\/v2\/pages\/17"}],"collection":[{"href":"http:\/\/www.marina-jacare-village.com\/wordpress\/wp-json\/wp\/v2\/pages"}],"about":[{"href":"http:\/\/www.marina-jacare-village.com\/wordpress\/wp-json\/wp\/v2\/types\/page"}],"author":[{"embeddable":true,"href":"http:\/\/www.marina-jacare-village.com\/wordpress\/wp-json\/wp\/v2\/users\/1"}],"replies":[{"embeddable":true,"href":"http:\/\/www.marina-jacare-village.com\/wordpress\/wp-json\/wp\/v2\/comments?post=17"}],"version-history":[{"count":88,"href":"http:\/\/www.marina-jacare-village.com\/wordpress\/wp-json\/wp\/v2\/pages\/17\/revisions"}],"predecessor-version":[{"id":599,"href":"http:\/\/www.marina-jacare-village.com\/wordpress\/wp-json\/wp\/v2\/pages\/17\/revisions\/599"}],"wp:attachment":[{"href":"http:\/\/www.marina-jacare-village.com\/wordpress\/wp-json\/wp\/v2\/media?parent=17"}],"curies":[{"name":"wp","href":"https:\/\/api.w.org\/{rel}","templated":true}]}}