{"id":7,"date":"2015-01-18T17:01:22","date_gmt":"2015-01-18T20:01:22","guid":{"rendered":"http:\/\/www.marina-jacare-village.com\/wordpress\/?page_id=7"},"modified":"2020-05-16T10:27:24","modified_gmt":"2020-05-16T13:27:24","slug":"formalite","status":"publish","type":"page","link":"http:\/\/www.marina-jacare-village.com\/wordpress\/de\/formalite\/","title":{"rendered":"Formalit\u00e4ten"},"content":{"rendered":"<p><strong>Im Falle der erstmaligen Ankunft in Brasilien <\/strong>muss man sich um die korrekten Einreiseformalit\u00e4ten k\u00fcmmern. Zum Einklarieren hat man zwei Werktage Zeit. Wichtig ist die Einhaltung der nachfolgenden Reihenfolge, wobei bei der Policia Federal (Immigration) nicht nur der Skipper, sondern die komplette Crew anwesend sein muss.<\/p>\n<p>Wir raten Ihnen, zum Einklarieren lange Hosen anzuziehen \u2013 Crew in Shorts kann der Eintritt verwehrt werden.<\/p>\n<ol>\n<li>Schritt: Policia Federal (Immigration) \u2013 erforderliche Unterlagen: Reisep\u00e4sse der kompletten Crew und Schiffspapiere. Dort wird ein kostenloses Touristen-Visum mit 90 Tagen G\u00fcltigkeit ausgestellt. F\u00fcr EU-Staatsangeh\u00f6rige kann die Visumsdauer in der Regel nicht verl\u00e4ngert werden. Theoretisch ist es dennoch m\u00f6glich, eine Verl\u00e4ngerung f\u00fcr weitere 90 Tage zu bekommen, insofern man aus Brasilien zwischendurch (nach Ablauf des urspr\u00fcnglichen Visums) f\u00fcr eine Dauer von mindestens 90 Tagen ausreist. Falls Sie die Absicht haben, zeitweise aus Brasilien abzureisen und das Boot in der Zwischenzeit hier zu lassen, k\u00f6nnen Sie eine Sondergenehmigung beim Zoll beantragen, mit der das Boot unter der Obhut eines anerkannten Verantwortlichen bis zu zwei Jahren hier verbleiben kann. Wenn Sie das Boot hier in der Marina lassen wollen, k\u00f6nnen wir Ihnen die n\u00f6tigen Dokumente aush\u00e4ndigen.<\/li>\n<li>Schritt: Zoll (Receita Federal) \u2013 vorzulegen sind die Schiffspapiere und das Dokument, das bei der Policia Federal ausgestellt wurde. Desweiteren m\u00fcssen Sie ein Dokument ausf\u00fcllen und vorlegen, welches Sie von der Website des Zollamts auf folgendem Link herunterladen k\u00f6nnen: <a href=\"https:\/\/www.edbv.receita.fazenda.gov.br\/\">https:\/\/www.edbv.receita.fazenda.gov.br\/<\/a><\/li>\n<li>Schritt: Hafenbeh\u00f6rde (Capitania dos Portos): Die Hafenbeh\u00f6rde ist verantwortlich f\u00fcr die sichere Navigation entlang der brasilianischen K\u00fcste und sie hat bis 16 Uhr ge\u00f6ffnet. Alle in den vorhergehenden Schritten erhaltenen Dokumente, die Bootspapiere und die P\u00e4sse der gesamten Crew m\u00fcssen hier vorgelegt werden. Etwaige Besatzungswechsel m\u00fcssen hier ebenfalls mitgeteilt werden.<\/li>\n<\/ol>\n<ul>\n<li><strong>Bei der Abreise:\u00a0<\/strong>Bei Abreise aus dem Land Brasilien<span style=\"text-decoration: line-through;\">:<\/span> m\u00fcssen die selben Formali\u00e4ten wie bei der Einreise durchlaufen werden, bloss in umgekehrter Reihenfolge.<\/li>\n<li>Vor der Weiterfahrt von einem brasilianischen Hafen zum n\u00e4chsten muss man sich bei der Hafenbeh\u00f6rde des derzeitig verantwortlichen Hafens abmelden.<\/li>\n<\/ul>\n<p>&nbsp;<\/p>\n<p><strong>Boot<\/strong><strong>s \u201c<\/strong><strong>Visa<\/strong><strong>\u201d <\/strong><strong>Verl\u00e4ngerung:<\/strong>\u00a0Obwohl der eigene Aufenthalt in Brasilien auf 180 Tage pro Jahr begrenzt ist, kann das Boot offiziell bis zu zwei Jahren<span style=\"text-decoration: line-through;\">t<\/span> im Land verbleiben. Dies bietet die M\u00f6glichkeit zu einem Heimataufenthalt oder um andere Lateinamerikanische L\u00e4nder zu besuchen.<\/p>\n<p><strong>Vor der Ausreise<\/strong> muss man zur Hafenbeh\u00f6rde (Capitania dos Portos) mit einer Erkl\u00e4rung des Verantwortlichen, bei dem das Boot in Obhut bleibt (Marina), anschliessend geht man weiter zum Zoll (Receita Federal) in Cabedelo. Basierend auf dem Papier der Hafenbeh\u00f6rde wird dort eine entsprechende Genehmigung f\u00fcr eine Dauer bis zu 24 Monaten erteilt, die zudem frei von Einf\u00fchrungssteuer ist.<\/p>","protected":false},"excerpt":{"rendered":"<p>Im Falle der erstmaligen Ankunft in Brasilien muss man sich um die korrekten Einreiseformalit\u00e4ten k\u00fcmmern. Zum Einklarieren hat man zwei Werktage Zeit. Wichtig ist die Einhaltung der nachfolgenden Reihenfolge, wobei&hellip; <\/p>\n","protected":false},"author":1,"featured_media":0,"parent":0,"menu_order":0,"comment_status":"closed","ping_status":"closed","template":"","meta":[],"_links":{"self":[{"href":"http:\/\/www.marina-jacare-village.com\/wordpress\/de\/wp-json\/wp\/v2\/pages\/7"}],"collection":[{"href":"http:\/\/www.marina-jacare-village.com\/wordpress\/de\/wp-json\/wp\/v2\/pages"}],"about":[{"href":"http:\/\/www.marina-jacare-village.com\/wordpress\/de\/wp-json\/wp\/v2\/types\/page"}],"author":[{"embeddable":true,"href":"http:\/\/www.marina-jacare-village.com\/wordpress\/de\/wp-json\/wp\/v2\/users\/1"}],"replies":[{"embeddable":true,"href":"http:\/\/www.marina-jacare-village.com\/wordpress\/de\/wp-json\/wp\/v2\/comments?post=7"}],"version-history":[{"count":40,"href":"http:\/\/www.marina-jacare-village.com\/wordpress\/de\/wp-json\/wp\/v2\/pages\/7\/revisions"}],"predecessor-version":[{"id":556,"href":"http:\/\/www.marina-jacare-village.com\/wordpress\/de\/wp-json\/wp\/v2\/pages\/7\/revisions\/556"}],"wp:attachment":[{"href":"http:\/\/www.marina-jacare-village.com\/wordpress\/de\/wp-json\/wp\/v2\/media?parent=7"}],"curies":[{"name":"wp","href":"https:\/\/api.w.org\/{rel}","templated":true}]}}