{"id":5,"date":"2015-01-18T16:56:46","date_gmt":"2015-01-18T19:56:46","guid":{"rendered":"http:\/\/www.marina-jacare-village.com\/wordpress\/?page_id=5"},"modified":"2022-06-13T10:31:10","modified_gmt":"2022-06-13T13:31:10","slug":"bar","status":"publish","type":"page","link":"http:\/\/www.marina-jacare-village.com\/wordpress\/de\/bar\/","title":{"rendered":"Bar und Restaurant"},"content":{"rendered":"<p>Unsere Bar und das Restaurant laden ein zum sich hinsetzen, entspannen, und vor allem zum sich verw\u00f6hnen lassen und geniessen&#8230;<\/p>\n<p>&#8230;in einer angenehmen gr\u00fcnen Umgebung.<\/p>\n<p>Als Aperitif nehmen wir den ber\u00fchmten \u201cCaipirinha\u201d (ein einmaliges und unvergessliches Erlebnis), \u00a0einen \u201cCacha\u00e7a arrang\u00e9\u201d (ein Zuckerrohrschnapps mit eingelegten Fr\u00fcchten) oder einen frischgepressten Fruchtsaft.<\/p>\n<p>Das macht Appetit auf ein leckeres Gericht&#8230;. wie eine traditionelle \u201cFeijoada\u201d (ein mit Rindfleisch und Schweinefleisch zubereiteter Eintopf), eine \u201cMoqueca de la Bahia\u201d (eine Spezialit\u00e4t aus der Region Bahia, die traditionell in einem Terrakotta-Topf geschmort wird), Garnelen oder Fisch in Kokosnussmilchsosse, oder ein zartes St\u00fcck brasilianischen Rindfleisches&#8230;. nur um ein paar Beispiele zu nennen.<\/p>\n<p>Kurz, eine vielf\u00e4ltige K\u00fcche mit Gerichten aus aller Welt, erkennbar beeinflusst von der Belgischen K\u00fcche, die viel mit Bier zubereitet (mit oder ohne Pommes Frittes serviert).<\/p>\n<p>Soweit ein kleiner Vorgeschmack auf das, was Sie erwartet \u2013 \u00a0Sie werden nicht entt\u00e4uscht sein!<\/p>\n<p><a href=\"http:\/\/www.marina-jacare-village.com\/wordpress\/wp-content\/uploads\/2015\/01\/baranlage.jpg\"><img decoding=\"async\" loading=\"lazy\" class=\"alignnone size-medium wp-image-169\" src=\"http:\/\/www.marina-jacare-village.com\/wordpress\/wp-content\/uploads\/2015\/01\/baranlage-300x200.jpg\" alt=\"baranlage\" width=\"300\" height=\"200\" srcset=\"http:\/\/www.marina-jacare-village.com\/wordpress\/wp-content\/uploads\/2015\/01\/baranlage-300x200.jpg 300w, http:\/\/www.marina-jacare-village.com\/wordpress\/wp-content\/uploads\/2015\/01\/baranlage.jpg 850w\" sizes=\"(max-width: 300px) 100vw, 300px\" \/><\/a><\/p>\n<p><a href=\"http:\/\/www.marina-jacare-village.com\/wordpress\/wp-content\/uploads\/2015\/01\/Le-bar.jpg\"><img decoding=\"async\" loading=\"lazy\" class=\"alignnone size-medium wp-image-124\" src=\"http:\/\/www.marina-jacare-village.com\/wordpress\/wp-content\/uploads\/2015\/01\/Le-bar-300x200.jpg\" alt=\"Le-bar\" width=\"300\" height=\"200\" srcset=\"http:\/\/www.marina-jacare-village.com\/wordpress\/wp-content\/uploads\/2015\/01\/Le-bar-300x200.jpg 300w, http:\/\/www.marina-jacare-village.com\/wordpress\/wp-content\/uploads\/2015\/01\/Le-bar-1024x683.jpg 1024w, http:\/\/www.marina-jacare-village.com\/wordpress\/wp-content\/uploads\/2015\/01\/Le-bar.jpg 1440w\" sizes=\"(max-width: 300px) 100vw, 300px\" \/><\/a><\/p>\n<p><a href=\"http:\/\/www.marina-jacare-village.com\/wordpress\/wp-content\/uploads\/2015\/01\/bar.jpg\"><img decoding=\"async\" loading=\"lazy\" class=\"alignnone size-medium wp-image-132\" src=\"http:\/\/www.marina-jacare-village.com\/wordpress\/wp-content\/uploads\/2015\/01\/bar-300x200.jpg\" alt=\"bar\" width=\"300\" height=\"200\" srcset=\"http:\/\/www.marina-jacare-village.com\/wordpress\/wp-content\/uploads\/2015\/01\/bar-300x200.jpg 300w, http:\/\/www.marina-jacare-village.com\/wordpress\/wp-content\/uploads\/2015\/01\/bar.jpg 850w\" sizes=\"(max-width: 300px) 100vw, 300px\" \/><\/a><\/p>\n<p><a href=\"http:\/\/www.marina-jacare-village.com\/wordpress\/wp-content\/uploads\/2015\/01\/Le-salon.jpg\"><img decoding=\"async\" loading=\"lazy\" class=\"alignnone size-medium wp-image-125\" src=\"http:\/\/www.marina-jacare-village.com\/wordpress\/wp-content\/uploads\/2015\/01\/Le-salon-300x189.jpg\" alt=\"Le-salon\" width=\"300\" height=\"189\" srcset=\"http:\/\/www.marina-jacare-village.com\/wordpress\/wp-content\/uploads\/2015\/01\/Le-salon-300x189.jpg 300w, http:\/\/www.marina-jacare-village.com\/wordpress\/wp-content\/uploads\/2015\/01\/Le-salon.jpg 867w\" sizes=\"(max-width: 300px) 100vw, 300px\" \/><\/a><\/p>\n<p><a href=\"http:\/\/www.marina-jacare-village.com\/wordpress\/wp-content\/uploads\/2015\/01\/konzert1.jpg\"><img decoding=\"async\" loading=\"lazy\" class=\"alignnone size-medium wp-image-134\" src=\"http:\/\/www.marina-jacare-village.com\/wordpress\/wp-content\/uploads\/2015\/01\/konzert1-300x216.jpg\" alt=\"konzert1\" width=\"300\" height=\"216\" srcset=\"http:\/\/www.marina-jacare-village.com\/wordpress\/wp-content\/uploads\/2015\/01\/konzert1-300x216.jpg 300w, http:\/\/www.marina-jacare-village.com\/wordpress\/wp-content\/uploads\/2015\/01\/konzert1-1024x736.jpg 1024w, http:\/\/www.marina-jacare-village.com\/wordpress\/wp-content\/uploads\/2015\/01\/konzert1.jpg 1418w\" sizes=\"(max-width: 300px) 100vw, 300px\" \/><\/a><\/p>\n<p><a href=\"http:\/\/www.marina-jacare-village.com\/wordpress\/wp-content\/uploads\/2015\/01\/konzert2.jpg\"><img decoding=\"async\" loading=\"lazy\" class=\"alignnone size-medium wp-image-133\" src=\"http:\/\/www.marina-jacare-village.com\/wordpress\/wp-content\/uploads\/2015\/01\/konzert2-300x200.jpg\" alt=\"konzert2\" width=\"300\" height=\"200\" srcset=\"http:\/\/www.marina-jacare-village.com\/wordpress\/wp-content\/uploads\/2015\/01\/konzert2-300x200.jpg 300w, http:\/\/www.marina-jacare-village.com\/wordpress\/wp-content\/uploads\/2015\/01\/konzert2-1024x683.jpg 1024w, http:\/\/www.marina-jacare-village.com\/wordpress\/wp-content\/uploads\/2015\/01\/konzert2.jpg 1417w\" sizes=\"(max-width: 300px) 100vw, 300px\" \/><\/a><\/p>\n<p><a href=\"http:\/\/www.marina-jacare-village.com\/wordpress\/wp-content\/uploads\/2015\/01\/La-marina.jpg\"><img decoding=\"async\" loading=\"lazy\" class=\"alignnone size-medium wp-image-123\" src=\"http:\/\/www.marina-jacare-village.com\/wordpress\/wp-content\/uploads\/2015\/01\/La-marina-300x225.jpg\" alt=\"La-marina\" width=\"300\" height=\"225\" srcset=\"http:\/\/www.marina-jacare-village.com\/wordpress\/wp-content\/uploads\/2015\/01\/La-marina-300x225.jpg 300w, http:\/\/www.marina-jacare-village.com\/wordpress\/wp-content\/uploads\/2015\/01\/La-marina.jpg 850w\" sizes=\"(max-width: 300px) 100vw, 300px\" \/><\/a><\/p>\n<p><a href=\"http:\/\/www.marina-jacare-village.com\/wordpress\/wp-content\/uploads\/2015\/01\/wifi.jpg\"><img decoding=\"async\" loading=\"lazy\" class=\"alignnone size-medium wp-image-168\" src=\"http:\/\/www.marina-jacare-village.com\/wordpress\/wp-content\/uploads\/2015\/01\/wifi-300x209.jpg\" alt=\"wifi\" width=\"300\" height=\"209\" srcset=\"http:\/\/www.marina-jacare-village.com\/wordpress\/wp-content\/uploads\/2015\/01\/wifi-300x209.jpg 300w, http:\/\/www.marina-jacare-village.com\/wordpress\/wp-content\/uploads\/2015\/01\/wifi-330x230.jpg 330w, http:\/\/www.marina-jacare-village.com\/wordpress\/wp-content\/uploads\/2015\/01\/wifi.jpg 850w\" sizes=\"(max-width: 300px) 100vw, 300px\" \/><\/a><\/p>\n<p><a href=\"http:\/\/www.marina-jacare-village.com\/wordpress\/wp-content\/uploads\/2015\/01\/umgebung.jpg\"><img decoding=\"async\" loading=\"lazy\" class=\"alignnone size-medium wp-image-167\" src=\"http:\/\/www.marina-jacare-village.com\/wordpress\/wp-content\/uploads\/2015\/01\/umgebung-300x192.jpg\" alt=\"umgebung\" width=\"300\" height=\"192\" srcset=\"http:\/\/www.marina-jacare-village.com\/wordpress\/wp-content\/uploads\/2015\/01\/umgebung-300x192.jpg 300w, http:\/\/www.marina-jacare-village.com\/wordpress\/wp-content\/uploads\/2015\/01\/umgebung.jpg 850w\" sizes=\"(max-width: 300px) 100vw, 300px\" \/><\/a><\/p>\n<p><a href=\"http:\/\/www.marina-jacare-village.com\/wordpress\/wp-content\/uploads\/2015\/01\/Por-do-Sol1.jpg\"><img decoding=\"async\" loading=\"lazy\" class=\"alignnone size-medium wp-image-126\" src=\"http:\/\/www.marina-jacare-village.com\/wordpress\/wp-content\/uploads\/2015\/01\/Por-do-Sol1-300x200.jpg\" alt=\"Por-do-Sol1\" width=\"300\" height=\"200\" srcset=\"http:\/\/www.marina-jacare-village.com\/wordpress\/wp-content\/uploads\/2015\/01\/Por-do-Sol1-300x200.jpg 300w, http:\/\/www.marina-jacare-village.com\/wordpress\/wp-content\/uploads\/2015\/01\/Por-do-Sol1-1024x683.jpg 1024w, http:\/\/www.marina-jacare-village.com\/wordpress\/wp-content\/uploads\/2015\/01\/Por-do-Sol1.jpg 1440w\" sizes=\"(max-width: 300px) 100vw, 300px\" \/><\/a><\/p>","protected":false},"excerpt":{"rendered":"<p>Unsere Bar und das Restaurant laden ein zum sich hinsetzen, entspannen, und vor allem zum sich verw\u00f6hnen lassen und geniessen&#8230; &#8230;in einer angenehmen gr\u00fcnen Umgebung. Als Aperitif nehmen wir den&hellip; <\/p>\n","protected":false},"author":1,"featured_media":0,"parent":0,"menu_order":0,"comment_status":"closed","ping_status":"closed","template":"","meta":[],"_links":{"self":[{"href":"http:\/\/www.marina-jacare-village.com\/wordpress\/de\/wp-json\/wp\/v2\/pages\/5"}],"collection":[{"href":"http:\/\/www.marina-jacare-village.com\/wordpress\/de\/wp-json\/wp\/v2\/pages"}],"about":[{"href":"http:\/\/www.marina-jacare-village.com\/wordpress\/de\/wp-json\/wp\/v2\/types\/page"}],"author":[{"embeddable":true,"href":"http:\/\/www.marina-jacare-village.com\/wordpress\/de\/wp-json\/wp\/v2\/users\/1"}],"replies":[{"embeddable":true,"href":"http:\/\/www.marina-jacare-village.com\/wordpress\/de\/wp-json\/wp\/v2\/comments?post=5"}],"version-history":[{"count":27,"href":"http:\/\/www.marina-jacare-village.com\/wordpress\/de\/wp-json\/wp\/v2\/pages\/5\/revisions"}],"predecessor-version":[{"id":595,"href":"http:\/\/www.marina-jacare-village.com\/wordpress\/de\/wp-json\/wp\/v2\/pages\/5\/revisions\/595"}],"wp:attachment":[{"href":"http:\/\/www.marina-jacare-village.com\/wordpress\/de\/wp-json\/wp\/v2\/media?parent=5"}],"curies":[{"name":"wp","href":"https:\/\/api.w.org\/{rel}","templated":true}]}}