{"id":439,"date":"2019-12-06T16:39:46","date_gmt":"2019-12-06T19:39:46","guid":{"rendered":"http:\/\/www.marina-jacare-village.com\/wordpress\/?page_id=439"},"modified":"2020-06-04T09:06:03","modified_gmt":"2020-06-04T12:06:03","slug":"pourquoi-le-bresil","status":"publish","type":"page","link":"http:\/\/www.marina-jacare-village.com\/wordpress\/de\/pourquoi-le-bresil\/","title":{"rendered":"Brasilien? Warum nicht?"},"content":{"rendered":"<p><strong>6 GUTE GR\u00dcNDE VOR DER WEITERFAHRT IN DIE ANTILLEN EINEN ABSTECHER NACH BRASILIEN ZU MACHEN<\/strong><\/p>\n<ol>\n<li><strong> Guter Grund \/ Es nicht wie alle anderen zu machen \ud83d\ude42 <\/strong><\/li>\n<\/ol>\n<p>Denn das Ziel der Hochseesegelei ist doch nicht, von einer K\u00fcste \u00fcber den Ozean zu einer anderen zu segeln, inmitten von hunderten von anderen Booten, nur um sich am Ende in einer \u00fcberf\u00fcllten Marina oder Bucht wiederzufinden&#8230;<\/p>\n<p>&nbsp;<\/p>\n<ol start=\"2\">\n<li><strong> Guter Grund \/ Den Atlantik auf der k\u00fcrzest m\u00f6glichen Strecke zu \u00fcberqueren&#8230;<\/strong><\/li>\n<\/ol>\n<p>Kap Verde \/ Fernando de Noronha: 1220sm<\/p>\n<p>Kap Verde \/ Jacar\u00e9: 1466sm<\/p>\n<p>&nbsp;<\/p>\n<ol start=\"3\">\n<li><strong> Guter Grund \/ Die Brasilianer geh\u00f6ren zu den gastfreundlichsten Menschen der Welt <\/strong>und zeichnen sich durch eine schier untr\u00fcbbare Lebensfreude aus. Einmal in Brasilien angekommen, gibt es einen ganzen Kontinent zu entdecken, sowie einen Karneval, der weltweit einmalig ist.<\/li>\n<\/ol>\n<p>&nbsp;<\/p>\n<ol start=\"4\">\n<li><strong> Guter Grund \/ Die Lebenshaltungskosten in Brasilien sind sehr g\u00fcnstig. <\/strong>Restaurant, Supermarkt, Treibstoff, Hotel, Taxi, Ausfl\u00fcge und Reisen ins Landesinnere kosten im Schnitt weniger als die H\u00e4lfte als in der Karibik.<\/li>\n<\/ol>\n<p><strong>\u00a0<\/strong><\/p>\n<ol start=\"5\">\n<li><strong> Guter Grund \/ Das Boot kann bis zu zwei Jahren an einem sicheren Platz gelassen werden, ohne Risiko durch tropische Hurrikans,<\/strong> in einem ganzj\u00e4hrlich gleichbleibenden Klima.<\/li>\n<\/ol>\n<p>&nbsp;<\/p>\n<ol start=\"6\">\n<li><strong> Guter Grund \/ Wenn einmal der Moment gekommen ist, von Brasilien zu den Antillen zu segeln, ist die \u00dcberfahrt in die Karibik eine der einfachsten und angenehmsten Ozeanpassagen die es gibt. <\/strong>Dank der Str\u00f6mung und der g\u00fcnstigen Windrichtung werden Sie mit Leichtigkeit einen neuen pers\u00f6nlichen Geschwindigkeitsrekord aufstellen&#8230;<\/li>\n<\/ol>\n<p>Sie werden den \u00c4quator zum zweiten Mal \u00fcberqueren \u2013 und das ist immer ein ganz besonderer Moment!<\/p>\n<p>&nbsp;<\/p>\n<p>Auf dem Weg in Richtung Norden k\u00f6nnen Sie wunderbare Buchten und Ankerpl\u00e4tze geniessen (wie zum Beispiel die Insel Len\u00e7ois, ein aussergew\u00f6hnliches kleines Paradies umgeben von D\u00fcnen), sowie die Iles du Salut, St Laurent du Maroni und Surinam. Und all das vor Ihrer Ankunft in Grenada oder Tobago, einer der sch\u00f6nsten Inseln in der Karibik.<\/p>\n<p>&nbsp;<\/p>\n<p><a href=\"http:\/\/www.marina-jacare-village.com\/wordpress\/wp-content\/uploads\/2015\/01\/steg.jpg\"><strong><br \/>\n<\/strong><\/a><strong>FALSCHE GR\u00dcNDE, DIE MANCHE Z\u00d6GERN LASSEN<\/strong><\/p>\n<p><strong>\u201cDa m\u00fcssten wir die Doldrums \u00fcberqueren und das ist schwierig!\u201d<\/strong><\/p>\n<p>Die Doldrums bereiten nur solchen Blauwasserseglern Kopfzerbrechen, die es von Natur aus eilig haben und ihren Motor nicht ben\u00fctzen.<\/p>\n<p>Langzeitsegler so wie wir haben kein Problem damit, den Motor bei Erreichen der Doldrums f\u00fcr 24 oder 36 Stunden laufen zu lassen, denn wir wissen, dass wir die s\u00fcd\u00f6stlichen Handelswinde nach \u00dcberquerung der Zone ganz bestimmt wieder finden werden, nachdem wir ein paar erfrischende Regenschauer \u00fcber uns ergehen lassen haben.<\/p>\n<p><strong>\u201cBrasilien ist ein unsicheres Land.\u201d<\/strong><\/p>\n<p>Gewalt und Kriminalit\u00e4t sind in Brasilien haupts\u00e4chlich in den \u201cFavelas\u201d zu finden und haben zu 90% \u00a0etwas mit Drogenhandel zu tun. Probleme mit Touristen, \u00a0besonders solche, die Segler betreffen, gibt es hier deutlich weniger als zum Beispiel in den Antillen. In Brasilien kann man unbesorgt und sicher an der K\u00fcste entlangsegeln.<\/p>\n<p>Wie Sie sehen \u00a0ist es schwer, die Vorbehalte jener Segler zu verstehen, die Direktkurs auf die Antillen nehmen, ohne sich dieses aussergew\u00f6hnliche, ganz besondere Land anzusehen. \u00a0Einmal in der Karibik angelangt, w\u00e4re die R\u00fcckfahrt nach Brasilien ziemlich schwierig&#8230;<\/p>\n<p><strong>ALSO DANN \u2013 HERZLICH WILLKOMEN IN BRASILIEN! LASSEN SIE SICH VON UNSERER LEBENSFREUDE ANSTECKEN!<\/strong><\/p>\n<div id=\"fb-root\"><\/div>\n<p><script async=\"1\" defer=\"1\" crossorigin=\"anonymous\" src=\"https:\/\/connect.facebook.net\/en_US\/sdk.js#xfbml=1&amp;version=v7.0\"><\/script><\/p>\n<div class=\"fb-post\" data-href=\"https:\/\/www.facebook.com\/100011337083697\/posts\/1236191940102030?sfns=mo\" data-width=\"700\">\n<blockquote cite=\"https:\/\/www.facebook.com\/permalink.php?story_fbid=1236191940102030&amp;id=100011337083697\" class=\"fb-xfbml-parse-ignore\">\n<p>6 BONNES RAISONS DE TRAVERSER VERS LE BRESIL AVANT D\u2019ALLER AUX ANTILLES.    1ERE BONNE RAISON\/NE pas faire comme&#8230;<\/p>\n<p>Posted by <a href=\"https:\/\/www.facebook.com\/people\/Marina-Jacare\/100011337083697\">Marina Jacare<\/a> on&nbsp;<a href=\"https:\/\/www.facebook.com\/permalink.php?story_fbid=1236191940102030&amp;id=100011337083697\">Thursday, December 5, 2019<\/a><\/p><\/blockquote>\n<\/div>\n<p>&nbsp;<\/p>","protected":false},"excerpt":{"rendered":"<p>6 GUTE GR\u00dcNDE VOR DER WEITERFAHRT IN DIE ANTILLEN EINEN ABSTECHER NACH BRASILIEN ZU MACHEN Guter Grund \/ Es nicht wie alle anderen zu machen \ud83d\ude42 Denn das Ziel der&hellip; <\/p>\n","protected":false},"author":1,"featured_media":0,"parent":0,"menu_order":1,"comment_status":"closed","ping_status":"closed","template":"","meta":[],"_links":{"self":[{"href":"http:\/\/www.marina-jacare-village.com\/wordpress\/de\/wp-json\/wp\/v2\/pages\/439"}],"collection":[{"href":"http:\/\/www.marina-jacare-village.com\/wordpress\/de\/wp-json\/wp\/v2\/pages"}],"about":[{"href":"http:\/\/www.marina-jacare-village.com\/wordpress\/de\/wp-json\/wp\/v2\/types\/page"}],"author":[{"embeddable":true,"href":"http:\/\/www.marina-jacare-village.com\/wordpress\/de\/wp-json\/wp\/v2\/users\/1"}],"replies":[{"embeddable":true,"href":"http:\/\/www.marina-jacare-village.com\/wordpress\/de\/wp-json\/wp\/v2\/comments?post=439"}],"version-history":[{"count":20,"href":"http:\/\/www.marina-jacare-village.com\/wordpress\/de\/wp-json\/wp\/v2\/pages\/439\/revisions"}],"predecessor-version":[{"id":574,"href":"http:\/\/www.marina-jacare-village.com\/wordpress\/de\/wp-json\/wp\/v2\/pages\/439\/revisions\/574"}],"wp:attachment":[{"href":"http:\/\/www.marina-jacare-village.com\/wordpress\/de\/wp-json\/wp\/v2\/media?parent=439"}],"curies":[{"name":"wp","href":"https:\/\/api.w.org\/{rel}","templated":true}]}}