{"id":19,"date":"2015-01-18T17:18:16","date_gmt":"2015-01-18T20:18:16","guid":{"rendered":"http:\/\/www.marina-jacare-village.com\/wordpress\/?page_id=19"},"modified":"2020-06-04T09:10:59","modified_gmt":"2020-06-04T12:10:59","slug":"bienvenue","status":"publish","type":"page","link":"http:\/\/www.marina-jacare-village.com\/wordpress\/de\/","title":{"rendered":"Willkommen"},"content":{"rendered":"<p><span style=\"color: #008000;\">Willkommen im MARINA JACAR\u00c9 VILLAGE \u2026. an der K\u00fcste von Paraiba und selbstverst\u00e4ndlich in Brasilien.<\/span><\/p>\n<p><a href=\"http:\/\/www.marina-jacare-village.com\/wordpress\/wp-content\/uploads\/2015\/01\/welcome_marina.jpg\"><img decoding=\"async\" loading=\"lazy\" class=\"alignleft size-medium wp-image-42\" src=\"http:\/\/www.marina-jacare-village.com\/wordpress\/wp-content\/uploads\/2015\/01\/welcome_marina-300x142.jpg\" alt=\"welcome_marina\" width=\"300\" height=\"142\" srcset=\"http:\/\/www.marina-jacare-village.com\/wordpress\/wp-content\/uploads\/2015\/01\/welcome_marina-300x142.jpg 300w, http:\/\/www.marina-jacare-village.com\/wordpress\/wp-content\/uploads\/2015\/01\/welcome_marina.jpg 850w\" sizes=\"(max-width: 300px) 100vw, 300px\" \/><\/a><\/p>\n<p>Die folgenden Informationen sind das Ergebnis von Zusammenfassungen, \u00dcbersetzungen und Kommentaren, gesammelt von Seglern, die in Jacar\u00e9 waren und die brasilianische K\u00fcstenlinie entlanggefahren sind. Sie haben nur einen dauerhaften Wert, wenn sie regelm\u00e4ssig aktualisiert werden. Sie sind daher herzlich dazu eingeladen, uns \u00fcber unsere \u201cKontakt\u201d-Seite Ihre Kommentare und Beitr\u00e4ge zukommen zu lassen: <a href=\"http:\/\/www.marina-jacare-village.com\/wordpress\/nous-contacter\/\">http:\/\/www.marina-jacare-village.com\/wordpress\/nous-contacter\/<\/a>.<br \/>\nDie Einfahrt zum brasilianischen Hafen CABEDELO in Brasilien liegt am \u00f6stlichsten Punkt S\u00fcdamerikas sowie des gesamten amerikanischen Kontinents.<\/p>\n<p>\u201cJacar\u00e9\u201d (was Alligator bedeutet, obwohl es unwahrscheinlich ist, hier in der Gegend einen anzutreffen) liegt zwei Meilen nach dem kommerziellen Hafen von Cabedelo (07\u00b002\u2019S, 34<sup>th<\/sup> \u00b051W) in einem gesch\u00fctzten Bereich der M\u00fcndung des Flusses Paraiba. Dieser Liegeplatz wurde bereits in den 70ern als Geheimtipp unter Seglern gehandelt und ist f\u00fcr seine ruhige Lage bekannt, mit einem gut betonnten Tag und Nacht befahrbaren Fahrwasser (was an der brasilianischen K\u00fcste nicht oft der Fall ist).<\/p>\n<p><strong>WEGPUNKTE f\u00fcr die Zufahrt nach Cabedelo , <\/strong><strong>zu<\/strong><strong> den Moorings und <\/strong><strong>zum<\/strong><strong> Marina\u00a0 Jacar<\/strong><strong>\u00e9<\/strong><strong> Village :<\/strong><\/p>\n<p><a href=\"http:\/\/www.marina-jacare-village.com\/wordpress\/wp-content\/uploads\/2015\/01\/carte.jpg\"><img decoding=\"async\" loading=\"lazy\" class=\"alignright size-medium wp-image-44\" src=\"http:\/\/www.marina-jacare-village.com\/wordpress\/wp-content\/uploads\/2015\/01\/carte-174x300.jpg\" alt=\"carte\" width=\"174\" height=\"300\" srcset=\"http:\/\/www.marina-jacare-village.com\/wordpress\/wp-content\/uploads\/2015\/01\/carte-174x300.jpg 174w, http:\/\/www.marina-jacare-village.com\/wordpress\/wp-content\/uploads\/2015\/01\/carte.jpg 493w\" sizes=\"(max-width: 174px) 100vw, 174px\" \/><\/a><\/p>\n<table style=\"height: 557px;\" border=\"0\" width=\"342\" cellspacing=\"0\" cellpadding=\"4\">\n<colgroup>\n<col width=\"80*\" \/>\n<col width=\"85*\" \/>\n<col width=\"85*\" \/> <\/colgroup>\n<tbody>\n<tr valign=\"TOP\">\n<td width=\"33%\">NAME<\/td>\n<td width=\"33%\">BREITENGRAD<\/td>\n<td width=\"33%\">L\u00c4NGENGRAD<\/td>\n<\/tr>\n<tr valign=\"TOP\">\n<td width=\"33%\">CBD 01<\/td>\n<td width=\"33%\">06\u00b056,250\u2019 S<\/td>\n<td width=\"33%\">34\u00b048,600\u2019W<\/td>\n<\/tr>\n<tr valign=\"TOP\">\n<td width=\"33%\">CBD 02<\/td>\n<td width=\"33%\">06\u00b056,280\u2019 S<\/td>\n<td width=\"33%\">34\u00b048,930\u2019W<\/td>\n<\/tr>\n<tr valign=\"TOP\">\n<td width=\"33%\">CBD 03<\/td>\n<td width=\"33%\">06\u00b056,420\u2019 S<\/td>\n<td width=\"33%\">34\u00b049,300\u2019W<\/td>\n<\/tr>\n<tr valign=\"TOP\">\n<td width=\"33%\">CBD 04<\/td>\n<td width=\"33%\">06\u00b056,540\u2019 S<\/td>\n<td width=\"33%\">34\u00b049,570\u2019W<\/td>\n<\/tr>\n<tr valign=\"TOP\">\n<td width=\"33%\">CBD 05<\/td>\n<td width=\"33%\">06\u00b057,250\u2019 S<\/td>\n<td width=\"33%\">34\u00b050,520\u2019W<\/td>\n<\/tr>\n<tr valign=\"TOP\">\n<td width=\"33%\">CBD 06<\/td>\n<td width=\"33%\">06\u00b057,920\u2019 S<\/td>\n<td width=\"33%\">34\u00b050\u2019690\u2019W<\/td>\n<\/tr>\n<tr valign=\"TOP\">\n<td width=\"33%\">CBD07<\/td>\n<td width=\"33%\">06\u00b058,800\u2019S<\/td>\n<td width=\"33%\">34\u00b050,220\u2019W<\/td>\n<\/tr>\n<tr valign=\"TOP\">\n<td width=\"33%\">CBD-F1<\/td>\n<td width=\"33%\">06\u00b058,860\u2019S<\/td>\n<td width=\"33%\">34\u00b050,160\u2019W<\/td>\n<\/tr>\n<tr valign=\"TOP\">\n<td width=\"33%\">JCR 01<\/td>\n<td width=\"33%\">06\u00b059,070\u2019S<\/td>\n<td width=\"33%\">34\u00b050,230\u2019W<\/td>\n<\/tr>\n<tr valign=\"TOP\">\n<td width=\"33%\">JCR 02<\/td>\n<td width=\"33%\">06\u00b059,480\u2019S<\/td>\n<td width=\"33%\">34\u00b050,470\u2019W<\/td>\n<\/tr>\n<tr valign=\"TOP\">\n<td width=\"33%\">JCR03<\/td>\n<td width=\"33%\">07\u00b000,280\u2019S<\/td>\n<td width=\"33%\">34\u00b050,920\u2019W<\/td>\n<\/tr>\n<tr valign=\"TOP\">\n<td width=\"33%\">JCR04<\/td>\n<td width=\"33%\">07\u00b001,460\u2019S<\/td>\n<td width=\"33%\">34\u00b051,450W<\/td>\n<\/tr>\n<tr valign=\"TOP\">\n<td width=\"33%\">JCR05<\/td>\n<td width=\"33%\">07\u00b002,160\u2019S<\/td>\n<td width=\"33%\">34\u00b051,400\u2019W<\/td>\n<\/tr>\n<tr valign=\"TOP\">\n<td width=\"33%\">MARINA<\/td>\n<td width=\"33%\">07\u00b002,00\u2019S<\/td>\n<td width=\"33%\">34\u00b051,000\u2019W<\/td>\n<\/tr>\n<tr valign=\"TOP\">\n<td width=\"33%\">Landesteg<\/td>\n<td width=\"33%\">07\u00b002,117\u2019S<\/td>\n<td width=\"33%\">34\u00b051,357\u2019W<\/td>\n<\/tr>\n<\/tbody>\n<\/table>\n<p><strong>Hinweis:<\/strong><br \/>\n<strong>CBD<\/strong>= Cabedelo, <strong>JCR<\/strong>=Jacar\u00e9.<\/p>\n<p>Tidentabelle: <a href=\"http:\/\/maree.shom.fr\/harbor\/CABEDELO\">http:\/\/maree.shom.fr\/<\/a>harbor\/CABEDELO<\/p>\n<p>Die Bojen sind beleuchtet.<\/p>\n<p>Die K\u00fcste dieser Region erlaubt es, zu jeder Jahreszeit sowohl nach Norden als auch nach S\u00fcden bis nach Salvador weiter zu segeln. Falls Sie planen, die S\u00fcdk\u00fcste zu erkunden, raten wir Ihnen dringend davon ab, weiter n\u00f6rdlich (z.B. in Natal oder Fortaleza) anzulanden, da Sie dann mit einer von Untiefen gezeichneten K\u00fcste zu k\u00e4mpfen h\u00e4tten, mit einer starken parallel zur K\u00fcste verlaufenden Gegestr\u00f6mung, mit Gegenwind, der so gut wie immer aus s\u00fcd\u00f6stlicher Richtung weht, sowie mit zahlreichen k\u00fcstennahen \u00d6lplattformen, die zum Teil ausser Betrieb und daher bei Nacht nicht immer beleuchtet sind&#8230;<\/p>\n<p>Abschliessend kann man feststellen, dass Brasilien nicht nur ein<span style=\"text-decoration: line-through;\">e<\/span> attraktive Alternative zur klassischen Route zur Karibik von Europa kommend ist, sondern auch eine Region mit ganzj\u00e4hrlich stabilem Wetter, ohne tropische Hurrikans, Tornados, Flutwellen und Erdbeben. Der Wind weht regelm\u00e4ssig aus S\u00fcdosten oder Nordosten, mit einer St\u00e4rke zwischen 8 und 20 kn.<br \/>\nDie Atlantik-\u00dcberquerung zwischen den Kap Verdischen Inseln und Cabedelo bzw. zwischen St Helena oder Ascension und Cabedelo \u00a0als die k\u00fcrzeste Ozean-Passage ist eine Option, die zunehmend an Popularit\u00e4t gewinnt. Dies umsomehr \u00a0wenn man weiss, dass am Ende eine kleine Marina &#8211; das Jacar\u00e9 Village &#8211; wartet, mit etwa 40 Liegepl\u00e4tzen in einer sattgr\u00fcnen Umgebung, die ber\u00fchmt f\u00fcr ihre Sonnenunterg\u00e4nge ist.<\/p>\n<p><a href=\"http:\/\/www.marina-jacare-village.com\/wordpress\/wp-content\/uploads\/2018\/08\/unnamed-2.jpg\"><img decoding=\"async\" loading=\"lazy\" class=\" wp-image-405 aligncenter\" src=\"http:\/\/www.marina-jacare-village.com\/wordpress\/wp-content\/uploads\/2018\/08\/unnamed-2-300x225.jpg\" alt=\"\" width=\"412\" height=\"309\" srcset=\"http:\/\/www.marina-jacare-village.com\/wordpress\/wp-content\/uploads\/2018\/08\/unnamed-2-300x225.jpg 300w, http:\/\/www.marina-jacare-village.com\/wordpress\/wp-content\/uploads\/2018\/08\/unnamed-2-768x576.jpg 768w, http:\/\/www.marina-jacare-village.com\/wordpress\/wp-content\/uploads\/2018\/08\/unnamed-2-1024x768.jpg 1024w\" sizes=\"(max-width: 412px) 100vw, 412px\" \/><\/a><\/p>\n<p><iframe loading=\"lazy\" title=\"Marina Jacare\u0301 Village\" width=\"700\" height=\"394\" src=\"https:\/\/www.youtube.com\/embed\/GdSetM4qUNY?feature=oembed\" frameborder=\"0\" allow=\"accelerometer; autoplay; encrypted-media; gyroscope; picture-in-picture\" allowfullscreen><\/iframe><\/p>","protected":false},"excerpt":{"rendered":"<p>Willkommen im MARINA JACAR\u00c9 VILLAGE \u2026. an der K\u00fcste von Paraiba und selbstverst\u00e4ndlich in Brasilien. Die folgenden Informationen sind das Ergebnis von Zusammenfassungen, \u00dcbersetzungen und Kommentaren, gesammelt von Seglern, die&hellip; <\/p>\n","protected":false},"author":1,"featured_media":0,"parent":0,"menu_order":0,"comment_status":"closed","ping_status":"closed","template":"","meta":[],"_links":{"self":[{"href":"http:\/\/www.marina-jacare-village.com\/wordpress\/de\/wp-json\/wp\/v2\/pages\/19"}],"collection":[{"href":"http:\/\/www.marina-jacare-village.com\/wordpress\/de\/wp-json\/wp\/v2\/pages"}],"about":[{"href":"http:\/\/www.marina-jacare-village.com\/wordpress\/de\/wp-json\/wp\/v2\/types\/page"}],"author":[{"embeddable":true,"href":"http:\/\/www.marina-jacare-village.com\/wordpress\/de\/wp-json\/wp\/v2\/users\/1"}],"replies":[{"embeddable":true,"href":"http:\/\/www.marina-jacare-village.com\/wordpress\/de\/wp-json\/wp\/v2\/comments?post=19"}],"version-history":[{"count":50,"href":"http:\/\/www.marina-jacare-village.com\/wordpress\/de\/wp-json\/wp\/v2\/pages\/19\/revisions"}],"predecessor-version":[{"id":575,"href":"http:\/\/www.marina-jacare-village.com\/wordpress\/de\/wp-json\/wp\/v2\/pages\/19\/revisions\/575"}],"wp:attachment":[{"href":"http:\/\/www.marina-jacare-village.com\/wordpress\/de\/wp-json\/wp\/v2\/media?parent=19"}],"curies":[{"name":"wp","href":"https:\/\/api.w.org\/{rel}","templated":true}]}}