{"id":15,"date":"2015-01-18T17:10:35","date_gmt":"2015-01-18T20:10:35","guid":{"rendered":"http:\/\/www.marina-jacare-village.com\/wordpress\/?page_id=15"},"modified":"2020-06-04T09:19:28","modified_gmt":"2020-06-04T12:19:28","slug":"turismo","status":"publish","type":"page","link":"http:\/\/www.marina-jacare-village.com\/wordpress\/de\/turismo\/","title":{"rendered":"Umgebung"},"content":{"rendered":"<p><strong>Lohnenswerte regionale Besuchsziele (<\/strong><strong>unsere<\/strong><strong> Vorschl\u00e4ge):<\/strong><\/p>\n<p>Tourismusb\u00fcro:<\/p>\n<p>Ein Tourismusb\u00fcro gibt es in Tambau, direkt vor dem Hotel mit gleichem Namen. Dort bekommt man Stadtpl\u00e4ne von Jo\u00e3o Pessoa, detailierte Informationen \u00fcber Paraiba und\u00a0man spricht dort sogar englisch\u2026<\/p>\n<p>MIT EINEM DANKESCH\u00d6N AN DIE REGIERUNG VON PARAIBA UND PBTUR F\u00dcR DIE NACHFOLGENDEN INFORMATIONEN: <a href=\"http:\/\/www.pbtur.pb.gov.br\/\">www.pbtur.pb.gov.br<\/a><\/p>\n<p><b>Forte Velho:<\/b><\/p>\n<p><b><a href=\"http:\/\/www.marina-jacare-village.com\/wordpress\/wp-content\/uploads\/2015\/01\/turismo10-2.jpg\"><img decoding=\"async\" loading=\"lazy\" class=\"alignnone size-full wp-image-87\" src=\"http:\/\/www.marina-jacare-village.com\/wordpress\/wp-content\/uploads\/2015\/01\/turismo10-2.jpg\" alt=\"turismo10-2\" width=\"500\" height=\"300\" srcset=\"http:\/\/www.marina-jacare-village.com\/wordpress\/wp-content\/uploads\/2015\/01\/turismo10-2.jpg 500w, http:\/\/www.marina-jacare-village.com\/wordpress\/wp-content\/uploads\/2015\/01\/turismo10-2-300x180.jpg 300w\" sizes=\"(max-width: 500px) 100vw, 500px\" \/><\/a><br \/>\n<\/b><\/p>\n<p>Gelegen im n\u00f6rdlichen Flussarm hinter der Insel Restinga. Ist mit einer Bus-F\u00e4hre vom Cabedelos Fischereihafen aus, mit dem Dinghy, Booten mit einziehbarem Kiel oder Multi Hulls mit einem Tiefgang von weniger als 1,10m erreichbar. Man f\u00e4hrt nahe entlang der westlichen Seite der Insel (viele Sandb\u00e4nke! also am besten bei auflaufender Tide) oder um die Insel herum an Cabedelo vorbei.<\/p>\n<p>Es ist ein malerischer Ausflug entlang der Mangroven. Forte Velho ist ein kleines Dorf gegen\u00fcber der Westseite von Restinga und bietet kleine Restaurants mit Bar und einem Anlegesteg, vor dem man ankern kann.<\/p>\n<p>Von hier aus gelangt man mit dem Auto zur Kirche oder zum <span style=\"text-decoration: line-through;\">dem<\/span> alten Kloster \u201cUnserer Lieben Frau von Guia\u201d, das reich an Geschichte ist.<\/p>\n<p><strong>Lucena<\/strong>:<\/p>\n<p>Ein weiterer sch\u00f6ner Tagesausflug ist die Fahrt von Jacar\u00e9 nach Lucena, auf der anderen Seite des Flusses gegen\u00fcber von Cabedelo gelegen. Sie k\u00f6nnen entweder mit dem Zug fahren und dann mit der F\u00e4hre \u00fcbersetzen, oder mit einem der farbenfrohen Wasserbusse direkt nach Costinha fahren. Dort wurde die fr\u00fchere Walfangstation in ein Museeum umgewandelt, und der ehemalige Treidelpfad f\u00fcr die Wale ist jetzt ein Schwimmbecken&#8230;<\/p>\n<p><strong>Jo\u00e3o Pessoa:<\/strong><\/p>\n<p><a href=\"http:\/\/www.marina-jacare-village.com\/wordpress\/wp-content\/uploads\/2015\/01\/turismo5-2.jpg\"><img decoding=\"async\" loading=\"lazy\" class=\"alignnone size-full wp-image-94\" src=\"http:\/\/www.marina-jacare-village.com\/wordpress\/wp-content\/uploads\/2015\/01\/turismo5-2.jpg\" alt=\"turismo5-2\" width=\"500\" height=\"302\" srcset=\"http:\/\/www.marina-jacare-village.com\/wordpress\/wp-content\/uploads\/2015\/01\/turismo5-2.jpg 500w, http:\/\/www.marina-jacare-village.com\/wordpress\/wp-content\/uploads\/2015\/01\/turismo5-2-300x181.jpg 300w\" sizes=\"(max-width: 500px) 100vw, 500px\" \/><\/a><\/p>\n<p>Die Hauptstadt des Staates Paraiba selbst bietet einige Attraktionen, mit ihrem historischen Zentrum nahe des Bahnhofs, ihrer Kathedrale und andern neu-barocken und kolonialen Kirchen und Geb\u00e4uden.<\/p>\n<p><a href=\"http:\/\/www.marina-jacare-village.com\/wordpress\/wp-content\/uploads\/2015\/01\/turismo2-2.jpg\"><img decoding=\"async\" loading=\"lazy\" class=\"alignnone size-full wp-image-97\" src=\"http:\/\/www.marina-jacare-village.com\/wordpress\/wp-content\/uploads\/2015\/01\/turismo2-2.jpg\" alt=\"turismo2-2\" width=\"500\" height=\"307\" srcset=\"http:\/\/www.marina-jacare-village.com\/wordpress\/wp-content\/uploads\/2015\/01\/turismo2-2.jpg 500w, http:\/\/www.marina-jacare-village.com\/wordpress\/wp-content\/uploads\/2015\/01\/turismo2-2-300x184.jpg 300w\" sizes=\"(max-width: 500px) 100vw, 500px\" \/><\/a><\/p>\n<p><a href=\"http:\/\/www.marina-jacare-village.com\/wordpress\/wp-content\/uploads\/2015\/01\/loisirs5.jpg\"><img decoding=\"async\" loading=\"lazy\" class=\"alignnone size-full wp-image-99\" src=\"http:\/\/www.marina-jacare-village.com\/wordpress\/wp-content\/uploads\/2015\/01\/loisirs5.jpg\" alt=\"loisirs5\" width=\"500\" height=\"118\" srcset=\"http:\/\/www.marina-jacare-village.com\/wordpress\/wp-content\/uploads\/2015\/01\/loisirs5.jpg 500w, http:\/\/www.marina-jacare-village.com\/wordpress\/wp-content\/uploads\/2015\/01\/loisirs5-300x71.jpg 300w\" sizes=\"(max-width: 500px) 100vw, 500px\" \/><\/a><\/p>\n<p>Desweiteren kann man die \u00dcberreste der alten Stadtmauern besichtigen.<\/p>\n<p>Sehenswert sind auch das kulturelle Zentrum, ein Kunsthandwerkszentrum und die Str\u00e4nde mit dem ber\u00fchmten Kite Surf Streifen am Miramar Strand in Cabedelo.<\/p>\n<p><b>Cabo Branco:<\/b><\/p>\n<p><a href=\"http:\/\/www.marina-jacare-village.com\/wordpress\/wp-content\/uploads\/2015\/01\/turismo4-2.jpg\"><img decoding=\"async\" loading=\"lazy\" class=\"alignnone size-full wp-image-95\" src=\"http:\/\/www.marina-jacare-village.com\/wordpress\/wp-content\/uploads\/2015\/01\/turismo4-2.jpg\" alt=\"turismo4-2\" width=\"500\" height=\"310\" srcset=\"http:\/\/www.marina-jacare-village.com\/wordpress\/wp-content\/uploads\/2015\/01\/turismo4-2.jpg 500w, http:\/\/www.marina-jacare-village.com\/wordpress\/wp-content\/uploads\/2015\/01\/turismo4-2-300x186.jpg 300w\" sizes=\"(max-width: 500px) 100vw, 500px\" \/><\/a><\/p>\n<p style=\"background: #F8F8F8; vertical-align: baseline; margin: 0cm 0cm 16.5pt 0cm;\"><span lang=\"EN-GB\" style=\"font-size: 13.5pt; font-family: 'inherit',serif; color: #555555;\">Der weite Strand der Stadt endet s\u00fcdlich am Cabo Branco Leuchtturm, wo sich der \u00f6stlichste Punkt des <\/span><span lang=\"EN-GB\" style=\"font-size: 13.5pt; font-family: 'inherit',serif; color: red;\">gesamten<\/span><span lang=\"EN-GB\" style=\"font-size: 13.5pt; font-family: 'inherit',serif; color: #555555;\"> amerikanischen Festlands befindet.<\/span><\/p>\n<p style=\"background: #F8F8F8; vertical-align: baseline; margin: 0cm 0cm 16.5pt 0cm;\"><b><span lang=\"EN-GB\" style=\"font-size: 13.5pt; font-family: 'inherit',serif; color: #555555;\">Die s\u00fcdliche K\u00fcste:<\/span><\/b><\/p>\n<p style=\"background: #F8F8F8; vertical-align: baseline; margin: 0cm 0cm 16.5pt 0cm;\"><a href=\"http:\/\/www.marina-jacare-village.com\/wordpress\/wp-content\/uploads\/2015\/01\/turismo11-2.jpg\"><img decoding=\"async\" loading=\"lazy\" class=\"alignnone size-full wp-image-91\" src=\"http:\/\/www.marina-jacare-village.com\/wordpress\/wp-content\/uploads\/2015\/01\/turismo11-2.jpg\" alt=\"turismo11-2\" width=\"500\" height=\"293\" srcset=\"http:\/\/www.marina-jacare-village.com\/wordpress\/wp-content\/uploads\/2015\/01\/turismo11-2.jpg 500w, http:\/\/www.marina-jacare-village.com\/wordpress\/wp-content\/uploads\/2015\/01\/turismo11-2-300x176.jpg 300w\" sizes=\"(max-width: 500px) 100vw, 500px\" \/><\/a><\/p>\n<p>Die Str\u00e4nde s\u00fcdlich von Jo\u00e3o Pessoa sind alle sch\u00f6n; Capaibus in Jacuma, Coquerinho und Tambaba, der einzige Nackt-Badestrand im Nordosten Brasiliens.<\/p>\n<p>Der Zugang zu Letzerem ist beschr\u00e4nkt auf Paare oder Familien, m\u00e4nnliche Singles haben keinen Zutritt. Es gibt etliche kleine Pousadas oder Motels in der Nachbarschaft und ein kleines Restaurant mit Bar mit sechs Bungalows im Nackt-Bereich. Der Bereich ist von Security \u00fcberwacht.<\/p>\n<p><a href=\"http:\/\/www.marina-jacare-village.com\/wordpress\/wp-content\/uploads\/2015\/01\/turismo3-2.jpg\"><img decoding=\"async\" loading=\"lazy\" class=\"alignnone size-full wp-image-96\" src=\"http:\/\/www.marina-jacare-village.com\/wordpress\/wp-content\/uploads\/2015\/01\/turismo3-2.jpg\" alt=\"turismo3-2\" width=\"500\" height=\"318\" srcset=\"http:\/\/www.marina-jacare-village.com\/wordpress\/wp-content\/uploads\/2015\/01\/turismo3-2.jpg 500w, http:\/\/www.marina-jacare-village.com\/wordpress\/wp-content\/uploads\/2015\/01\/turismo3-2-300x191.jpg 300w\" sizes=\"(max-width: 500px) 100vw, 500px\" \/><\/a><\/p>\n<p><b>Inland:<\/b><\/p>\n<p><a href=\"http:\/\/www.marina-jacare-village.com\/wordpress\/wp-content\/uploads\/2015\/01\/turismo16-2.jpg\"><img decoding=\"async\" loading=\"lazy\" class=\"alignnone size-full wp-image-88\" src=\"http:\/\/www.marina-jacare-village.com\/wordpress\/wp-content\/uploads\/2015\/01\/turismo16-2.jpg\" alt=\"turismo16-2\" width=\"500\" height=\"349\" srcset=\"http:\/\/www.marina-jacare-village.com\/wordpress\/wp-content\/uploads\/2015\/01\/turismo16-2.jpg 500w, http:\/\/www.marina-jacare-village.com\/wordpress\/wp-content\/uploads\/2015\/01\/turismo16-2-300x209.jpg 300w, http:\/\/www.marina-jacare-village.com\/wordpress\/wp-content\/uploads\/2015\/01\/turismo16-2-330x230.jpg 330w\" sizes=\"(max-width: 500px) 100vw, 500px\" \/><\/a><\/p>\n<p><b>Areia:<\/b><\/p>\n<p><a href=\"http:\/\/www.marina-jacare-village.com\/wordpress\/wp-content\/uploads\/2015\/01\/turismo14-2.jpg\"><img decoding=\"async\" loading=\"lazy\" class=\"alignnone size-full wp-image-89\" src=\"http:\/\/www.marina-jacare-village.com\/wordpress\/wp-content\/uploads\/2015\/01\/turismo14-2.jpg\" alt=\"turismo14-2\" width=\"500\" height=\"324\" srcset=\"http:\/\/www.marina-jacare-village.com\/wordpress\/wp-content\/uploads\/2015\/01\/turismo14-2.jpg 500w, http:\/\/www.marina-jacare-village.com\/wordpress\/wp-content\/uploads\/2015\/01\/turismo14-2-300x194.jpg 300w\" sizes=\"(max-width: 500px) 100vw, 500px\" \/><\/a><\/p>\n<p>Nach einer Busfahrt von 2 \u00bd Stunden erreicht man die kleine Stadt Areia auf 650m H\u00f6he. Man bekommt eine Vorstellung von der Topografie des Hinterlandes w\u00e4hrend man durch sehr trockene Gebiete f\u00e4hrt, die mit Kakteen \u00fcbers\u00e4t sind, gefolgt von gr\u00fcnen T\u00e4lern, Zuckerrohrplantagen, \u2026.<\/p>\n<p>Neben der Hochschule f\u00fcr Landwirtschaft gibt es in der Umgebung von Areia mehrere Cacha\u00e7a Destillerien (Cacha\u00e7a = Lokaler Rum) sowie zwei Museen: das eine zeigt die Geschichte des Zuckerrohranbaus, das zweite ist ein koloniales Geb\u00e4ude, das das Leben auf einer Farm im 17. Jahrhundert vorstellt.<\/p>\n<p>Es sind etliche Pousadas vor Ort sowie ein Hotel, alles jedoch nicht besonders gut organisiert. Daher ist es besser, mit einem Taxi gleich einen Festpreis f\u00fcr den Tagesausflug mit Reisef\u00fchrung auszumachen.<\/p>\n<p>Anmerkung: Im Landesinneren k\u00f6nnen die Temperaturen extrem heiss werden, w\u00e4hrend es in K\u00fcstenn\u00e4he deutlich k\u00fchler ist.<\/p>\n<p><a href=\"http:\/\/www.marina-jacare-village.com\/wordpress\/wp-content\/uploads\/2015\/01\/turismo13-2.jpg\"><img decoding=\"async\" loading=\"lazy\" class=\"alignnone size-full wp-image-90\" src=\"http:\/\/www.marina-jacare-village.com\/wordpress\/wp-content\/uploads\/2015\/01\/turismo13-2.jpg\" alt=\"turismo13-2\" width=\"500\" height=\"301\" srcset=\"http:\/\/www.marina-jacare-village.com\/wordpress\/wp-content\/uploads\/2015\/01\/turismo13-2.jpg 500w, http:\/\/www.marina-jacare-village.com\/wordpress\/wp-content\/uploads\/2015\/01\/turismo13-2-300x181.jpg 300w\" sizes=\"(max-width: 500px) 100vw, 500px\" \/><\/a><\/p>\n<p><strong>Campina Grande:<\/strong><\/p>\n<p>Campina Grande ist die zweitwichtigste Stadt in Paraiba und liegt auf 550m H\u00f6he, etwa 130km von der K\u00fcste entfernt.<\/p>\n<p>Im Juni wird Campina Grande zur Hauptstadt des \u201eForro\u201c, des traditionellen Tanzes und der Musik der Nordostens, mit dem ber\u00fchmten \u201eS\u00e3o Jo\u00e3o\u201c Festival, dem gr\u00f6ssten \u201eS\u00e3o Jo\u00e3o\u201c weltweit. W\u00e4hrend fast des gesamten Monats Juni gibt es nur Forro Tanz und Musik, Strassenformationstanz, traditionelle Spezialit\u00e4ten und mit Maismehl gebackene Kuchen, zudem ein Feuerwerk w\u00e4hrend der S\u00e3o Jo\u00e3o Nacht (23. Juni).<\/p>\n<p>Die Sao Joao Festlichkeiten, die einem l\u00e4ndlichen Karneval \u00e4hneln, stellen eine echte Tradition des nord\u00f6stlichen Inlandes von Brasilien dar. Beachtenswert ist die besondere Stimmung in den Strassen von Banareiras (140 km von Jo\u00e3o Pessoa), Santa Luzia (260 km), Patos (300 km) und Cabaceiras, welches zus\u00e4tzlich das \u201cBode Rei\u201d Festival (die k\u00f6nigliche Ziege) ausrichtet, das der Region Sert\u00e3o noch einen speziellen k\u00fcnstlerischen und kulinarischen Touch verleiht.<\/p>\n<p><strong>Arch\u00e4ologische St\u00e4tten:<\/strong><\/p>\n<p>Das Landesinnere enth\u00fcllt eine F\u00fclle an Orten mit H\u00f6hlenmalereien, \u00dcberresten von einheimischen pr\u00e4-kolumbianischer Spuren, sowie gigantische Felsformationen und Wasserf\u00e4lle, welche neben der M\u00f6glichkeit des Kletterns mit verschiedenen Schwierigkeitsstufen voller \u00fcberraschender Entdeckungen stecken.<\/p>\n<p>Dazu geh\u00f6ren:<\/p>\n<p><a href=\"http:\/\/www.marina-jacare-village.com\/wordpress\/wp-content\/uploads\/2015\/01\/turismo15-2.jpg\"><img decoding=\"async\" loading=\"lazy\" class=\"alignnone size-full wp-image-100\" src=\"http:\/\/www.marina-jacare-village.com\/wordpress\/wp-content\/uploads\/2015\/01\/turismo15-2.jpg\" alt=\"turismo15-2\" width=\"500\" height=\"331\" srcset=\"http:\/\/www.marina-jacare-village.com\/wordpress\/wp-content\/uploads\/2015\/01\/turismo15-2.jpg 500w, http:\/\/www.marina-jacare-village.com\/wordpress\/wp-content\/uploads\/2015\/01\/turismo15-2-300x199.jpg 300w\" sizes=\"(max-width: 500px) 100vw, 500px\" \/><\/a><\/p>\n<p><strong>Der Park von Pedra da Boca<\/strong>, an der B\u00f6schung des Rio Calabou\u00e7co, Grenzfluss zwischen den Staaten Paraiba und Rio Grande do Norte.<\/p>\n<p><strong>Inga<\/strong>, welches die Stelle mit dem wichtigsten arch\u00e4ologischen Monument Brasiliens darstellt (90 km von Jo\u00e3o Pessoa).<br \/>\n<strong>Itacoatiara<\/strong>, ein Granit-Felsen mit einer L\u00e4nge von 20m und 3m H\u00f6he, bedeckt mit geometrischen Zeichnungen, die Wissenschaftler in der ganzen Welt vor R\u00e4tsel gestellt haben und die -bisher- niemand komplett entschl\u00fcsseln konnte.<\/p>\n<p><strong>Pirpirituba<\/strong>, der sch\u00f6nste Wasserfall in Paraiba, speziell mit dem \u201cCachoeira do Roncador\u201d (entlang dessen man an Seilen absteigen kann).<\/p>\n<p><strong>Sousa<\/strong>, in der Mitte der ariden Sertao Region etwa 450 km von Jo\u00e3o Pessoa entfernt. Diese Stadt ist bekannt f\u00fcr ihr \u201cDinosaurier Tal\u201d, eine der gr\u00f6ssten pal\u00e4onthologischen St\u00e4tten weltweit. \u00dcber einen Steg k\u00f6nnen Bereiche mit pr\u00e4-historischen Skeletten, die auf \u00fcber 130 Millionen Jahre gesch\u00e4tzt werden, besichtigt werden.<\/p>\n<p><strong>Vieiropolis<\/strong>, 20 km von Sousa, bietet neben arch\u00e4ologischen Sehensw\u00fcrdigkeiten eine Reihe an Abenteuersportarten.<\/p>\n<p><strong>Caruaru<\/strong>, etwa 2 Stunden westlich von Recife, ist ber\u00fchmt f\u00fcr seinen Kunsthandwerkmarkt mit Lederwaren, Holz, Keramik und Kleidung.<\/p>\n<p>Leicht zu erreichen mit dem Bus, findet man dort auch eine Menge an Pousadas und Hotels (darunter das Central Hotel und das Hotel Caruaru).<\/p>\n<p><a href=\"http:\/\/www.marina-jacare-village.com\/wordpress\/wp-content\/uploads\/2015\/01\/turismo7-2.jpg\"><img decoding=\"async\" loading=\"lazy\" class=\"alignnone size-full wp-image-93\" src=\"http:\/\/www.marina-jacare-village.com\/wordpress\/wp-content\/uploads\/2015\/01\/turismo7-2.jpg\" alt=\"turismo7-2\" width=\"500\" height=\"375\" srcset=\"http:\/\/www.marina-jacare-village.com\/wordpress\/wp-content\/uploads\/2015\/01\/turismo7-2.jpg 500w, http:\/\/www.marina-jacare-village.com\/wordpress\/wp-content\/uploads\/2015\/01\/turismo7-2-300x225.jpg 300w\" sizes=\"(max-width: 500px) 100vw, 500px\" \/><\/a><\/p>\n<p>Sonnenuntergang in Jacar\u00e9&#8230;<\/p>","protected":false},"excerpt":{"rendered":"<p>Lohnenswerte regionale Besuchsziele (unsere Vorschl\u00e4ge): Tourismusb\u00fcro: Ein Tourismusb\u00fcro gibt es in Tambau, direkt vor dem Hotel mit gleichem Namen. Dort bekommt man Stadtpl\u00e4ne von Jo\u00e3o Pessoa, detailierte Informationen \u00fcber Paraiba&hellip; <\/p>\n","protected":false},"author":1,"featured_media":0,"parent":0,"menu_order":0,"comment_status":"closed","ping_status":"closed","template":"","meta":[],"_links":{"self":[{"href":"http:\/\/www.marina-jacare-village.com\/wordpress\/de\/wp-json\/wp\/v2\/pages\/15"}],"collection":[{"href":"http:\/\/www.marina-jacare-village.com\/wordpress\/de\/wp-json\/wp\/v2\/pages"}],"about":[{"href":"http:\/\/www.marina-jacare-village.com\/wordpress\/de\/wp-json\/wp\/v2\/types\/page"}],"author":[{"embeddable":true,"href":"http:\/\/www.marina-jacare-village.com\/wordpress\/de\/wp-json\/wp\/v2\/users\/1"}],"replies":[{"embeddable":true,"href":"http:\/\/www.marina-jacare-village.com\/wordpress\/de\/wp-json\/wp\/v2\/comments?post=15"}],"version-history":[{"count":44,"href":"http:\/\/www.marina-jacare-village.com\/wordpress\/de\/wp-json\/wp\/v2\/pages\/15\/revisions"}],"predecessor-version":[{"id":579,"href":"http:\/\/www.marina-jacare-village.com\/wordpress\/de\/wp-json\/wp\/v2\/pages\/15\/revisions\/579"}],"wp:attachment":[{"href":"http:\/\/www.marina-jacare-village.com\/wordpress\/de\/wp-json\/wp\/v2\/media?parent=15"}],"curies":[{"name":"wp","href":"https:\/\/api.w.org\/{rel}","templated":true}]}}