{"id":11,"date":"2015-01-18T17:05:02","date_gmt":"2015-01-18T20:05:02","guid":{"rendered":"http:\/\/www.marina-jacare-village.com\/wordpress\/?page_id=11"},"modified":"2020-06-04T09:21:09","modified_gmt":"2020-06-04T12:21:09","slug":"le-commerce","status":"publish","type":"page","link":"http:\/\/www.marina-jacare-village.com\/wordpress\/de\/le-commerce\/","title":{"rendered":"Versorgung"},"content":{"rendered":"<p><strong>\u00d6rtliche Verkehrsmittelanbindung:<\/strong><strong>\u00a0<\/strong>Von Jacar\u00e9 f\u00e4hrt etwa alle halbe Stunde ein Bus nach Jo\u00e3o Pessoa. Alternativ geht alle 20 Minuten ein kleiner Zug nach Cabedelo oder Jo\u00e3o Pessoa.<\/p>\n<p>&nbsp;<\/p>\n<p><strong>Busverbindung<\/strong><strong>:\u00a0<\/strong>Busse fahren zwischen Cabedelo, Jo\u00e3o Pessoa und Jacar\u00e9 auf der vierspurigen Hauptverkehrsstrasse (der \u201cBR\u201d), die 10 \u00a0Minuten zu Fuss von Jacar\u00e9 entfernt liegt. Die Bushaltestelle f\u00fcr Busse in Richtung Jo\u00e3o Pessoa befindet sich rechts von der Tankstelle \u201cPosto de Jacar\u00e9\u201d, und die Haltestelle f\u00fcr Busse in Richtung Cabedelo ist auf der gegen\u00fcberliegenden Seite.<\/p>\n<p>&nbsp;<\/p>\n<p><strong>Taxi<\/strong><strong>:<\/strong> Taxen sind \u00fcberall in Jacar\u00e9 und Umgebung zahreich zu finden, aber Achtung vor \u201cselbst\u00e4ndigen\u201d. Die offiziellen Taxen haben Tag- und Nachttarife, die \u00fcber Taxameter abgerechnet werden m\u00fcssen. F\u00fcr eine bestimmte Strecke oder Ausfl\u00fcge k\u00f6nnen auch Fixpreise vereinbart werden.<\/p>\n<p>&nbsp;<\/p>\n<p><strong>Autovermietung:\u00a0<\/strong>An der Rezeption von Marina Jacar\u00e9 Village sind entsprechende Informationen verf\u00fcgbar und bei Bedarf k\u00f6nnen Buchungen f\u00fcr Autos oder Buggies mit oder ohne Fahrer vorgenommen werden. Es gibt etliche Autovermietungen im Stadtviertel Tambau (K\u00fcstenstrasse, unterhalb und entlang der \u201cRue Carneiro Avenue\u201d).<\/p>\n<p>&nbsp;<\/p>\n<p><strong>Flug<\/strong><strong>verbindung<\/strong>: Jo\u00e3o Pessoa hat vor Kurzem seinen Flughafen f\u00fcr internationale Verbindungen ausgebaut, die allerdings aktuell noch sehr begrenzt sind.<br \/>\nDie meisten regelm\u00e4ssigen internationalen Fl\u00fcge gehen \u00fcber R\u00e9cife (110 km- erreichbar von Jo\u00e3o Pessoa aus durch Flug, Bus, oder Taxi mit Festpreis) oder \u00fcber Natal.<\/p>\n<p>&nbsp;<\/p>\n<p><strong>Post<\/strong>: Ein Postamt gibt es im Bereich der Tankstelle \u201cPetrobras\u201d an der vierspurigen Schnellstrasse. Die \u00d6ffnungszeiten sind Montag bis Freitag von 8:00 bis 12:00 Uhr und von 13:00 bis 17:00 Uhr.<\/p>\n<p>&nbsp;<\/p>\n<p><strong>Bargeld:<\/strong> Es gibt etliche Geldautomaten in der Umgebung, aber die n\u00e4chstgelegenen, die auch die meisten internationalen Visa-Karten akzeptieren, befinden sich in den Tankstellen rechts und links von der \u201cBR\u201d Schnellstrasse.<\/p>\n<p>Weitere Geldautomaten gibt es im Mana\u00efra Einkaufszentrum. Am besten ist es in den Zweigstellen der Bradesco Bank, dort kann man Bargeld gegen minimale Geb\u00fchren ziehen.<\/p>\n<p>Um Bargeld zu wechseln ist es besser, direkt in die Wechselb\u00fcros zu gehen als in die Banken, da dort weniger Geb\u00fchren zu zahlen sind. Wechselb\u00fcros gibt es zum Beispiel auf der zweiten Etage des Mana\u00efra Einkaufszentrums, oder beim Mondeo Reiseb\u00fcro, Avenida Nego Nr. 46 in Tambau.<\/p>\n<p><strong><a href=\"http:\/\/www.marina-jacare-village.com\/wordpress\/wp-content\/uploads\/2015\/01\/commerces4.jpg\"><img decoding=\"async\" loading=\"lazy\" class=\"alignleft size-thumbnail wp-image-143\" src=\"http:\/\/www.marina-jacare-village.com\/wordpress\/wp-content\/uploads\/2015\/01\/commerces4-150x150.jpg\" alt=\"commerces4\" width=\"150\" height=\"150\" \/><\/a><\/strong><\/p>\n<p><strong>Medizinische Versorgung:<\/strong> Privat\u00e4rzte und Privatkliniken sind von sehr guter Qualit\u00e4t und decken alle Fachgebiete ab. Es gibt sie \u00fcberall in der Stadt.<br \/>\nZahn\u00e4rztliche und augen\u00e4rztliche Behandlungen sind besonders gut und sind im Vergleich zu europ\u00e4ischen Standards sehr g\u00fcnstig.<br \/>\nDie \u00f6ffentlichen Krankenh\u00e4user sollten eher \u00a0gemieden werden, da sie einen zweifelhaften Ruf haben.<\/p>\n<p>&nbsp;<\/p>\n<p><strong>Moskitos<\/strong>: Es gibt zwei Typen: die langbeinigen, die nachts stechen und die sehr kleinen, die haupts\u00e4chlich im Zeitraum M\u00e4rz bis Mai in Gruppen attackieren und Jucken an Armen und Beinen verursachen. Wie in allen tropischen Regionen wird deshalb empfohlen M\u00fcckenschutz zu verwenden und an Bord die Zug\u00e4nge mit Moskitonetzen zu sch\u00fctzen.<br \/>\nEs gibt in der Gegend keine Malaria, jedoch kommt gelegentlich Dengue-Fieber vor, das von M\u00fccken \u00fcbertragen wird. Es verursacht haupts\u00e4chlich Kopfschmerzen und extreme M\u00fcdigkeit (wie bei Grippe). Es wird normalerweise mit Paracetamol (auf keinen Fall Aspirin!) behandelt und ein paar Tagen Ruhe.<br \/>\nUm Komplikationen zu vermeiden, ist es besser, einen Arzt aufzusuchen, wenn die ersten Symptome auftreten.<\/p>\n<p>&nbsp;<\/p>\n<p><strong>Lebensmittelgesch\u00e4fte<\/strong>: Entlang der Dorfstra\u00dfe, nur wenige Schritte vom Marina Jacar\u00e9 Village entfernt, befinden sich etliche Lebensmittelgesch\u00e4fte und eine B\u00e4ckerei, die alles f\u00fcr den t\u00e4glichen Bedarf verkaufen, wie Obst, Gem\u00fcse, Getr\u00e4nke, Mineralwasser, Eisw\u00fcrfel etc&#8230;<\/p>\n<p>&nbsp;<\/p>\n<p><strong>Trinkwasser:\u00a0<\/strong>Das Wasser aus dem Wasserhahn ist, von einem leichten Chlorgeschmack abgesehen, einwandfreies Trinkwasser. Abgef\u00fclltes Wasser wird \u00fcberall in Flaschengr\u00f6ssen von 5l und 20l angeboten.<\/p>\n<p>&nbsp;<\/p>\n<p><strong>Eisw\u00fcrfel:<\/strong> Werden in 2kg Beuteln an Tankstellen und in Superm\u00e4rkten verkauft.<\/p>\n<p><strong>\u00a0<\/strong><\/p>\n<p><strong><a href=\"http:\/\/www.marina-jacare-village.com\/wordpress\/wp-content\/uploads\/2015\/01\/commerces2.jpg\"><img decoding=\"async\" loading=\"lazy\" class=\"alignleft size-thumbnail wp-image-145\" src=\"http:\/\/www.marina-jacare-village.com\/wordpress\/wp-content\/uploads\/2015\/01\/commerces2-150x150.jpg\" alt=\"commerces2\" width=\"150\" height=\"150\" \/><\/a> <\/strong><\/p>\n<p><strong>Superm\u00e4rkte<\/strong>: Entlang der Hauptstrasse von Intermares, auf der anderen Seite der Schnellstra\u00dfe \u201cBR\u201d gegen\u00fcber von Jacar\u00e9 befinden sich drei Superm\u00e4rkte, die gut zu Fuss erreichbar sind. Der kleinste der drei, \u201cMenor Pre\u00e7o\u201d, befindet sich kurz nach der Tankstelle \u201cPetrobas d\u2019Intermares\u201d, ein <a href=\"http:\/\/www.marina-jacare-village.com\/wordpress\/wp-content\/uploads\/2015\/01\/commerces3.jpg\"><img decoding=\"async\" loading=\"lazy\" class=\" size-thumbnail wp-image-146 alignright\" src=\"http:\/\/www.marina-jacare-village.com\/wordpress\/wp-content\/uploads\/2015\/01\/commerces3-150x150.jpg\" alt=\"commerces3\" width=\"150\" height=\"150\" \/><\/a>weiterer, \u201cLitoral\u201d, liegt etwa auf halber Strecke zwischen der \u201cBR\u201d und dem Meer. \u00a0Die Tankstelle Intermares betreibt selbst auch ein kleines Lebensmittelgesch\u00e4ft, das gut sortiert und die ganze Nacht ge\u00f6ffnet ist.<\/p>\n<p>Die zwei sehr grossen Superm\u00e4rkte, Carrefour und Bompreco, sind etwa 4km entfernt von Jacar\u00e9 und befinden sich an der Schnellstrasse nach Jo\u00e3o Pessoa. Sie haben vor der T\u00fcr jeweils eine Bushaltestelle und man findet f\u00fcr den R\u00fcckweg auch leicht ein Taxi.<\/p>\n<p><strong>W\u00e4scherei:\u00a0<\/strong>Das Marina Jacar\u00e9 Village bietet einen umfassenden W\u00e4scheservice inklusive Trocknen, Falten und B\u00fcgeln an<strong>.<\/strong><\/p>\n<p>&nbsp;<\/p>\n<p><strong><br \/>\n<a href=\"http:\/\/www.marina-jacare-village.com\/wordpress\/wp-content\/uploads\/2015\/01\/laundry.jpg\"><img decoding=\"async\" loading=\"lazy\" class=\"alignnone size-medium wp-image-147\" src=\"http:\/\/www.marina-jacare-village.com\/wordpress\/wp-content\/uploads\/2015\/01\/laundry-300x163.jpg\" alt=\"laundry\" width=\"300\" height=\"163\" srcset=\"http:\/\/www.marina-jacare-village.com\/wordpress\/wp-content\/uploads\/2015\/01\/laundry-300x163.jpg 300w, http:\/\/www.marina-jacare-village.com\/wordpress\/wp-content\/uploads\/2015\/01\/laundry.jpg 850w\" sizes=\"(max-width: 300px) 100vw, 300px\" \/><\/a><br \/>\n<\/strong><\/p>\n<p><strong>Fotokopien und Karten:\u00a0<\/strong>Alle Arten an Kopien (hier Xerox genannt, ausgesprochen Sherox) von Dokumenten oder Nautischen Karten etc. k\u00f6nnen in verschiedenen Gesch\u00e4ften in der Stadt in Auftrag gegeben werden.<\/p>\n<p>&nbsp;<\/p>\n<p><strong>Bootszubeh\u00f6r und Reparaturen:<\/strong> Die \u201cMaciel Pinheiro\u201d Strasse, in der N\u00e4he des Bahnhofs in Jo\u00e3o Pessoa, ist die wichtigste Gegend f\u00fcr alles technische und mechanische Zubeh\u00f6r im Bereich Automobil, Werkzeuge, allgemeine Bauarbeiten, Klempnerarbeiten (PVC- und Edelstahlventile), Elektrizit\u00e4t, etc.. Desweiteren findet man hier mehrere Anbieter f\u00fcr Batterien, Drehereien etc.<\/p>\n<p>Diese Strasse befindet sich im unteren Stadtteil von Jo\u00e3o Pessoa, einfach zu Fuss zu erreichen wenn man mit dem Zug aus Jacar\u00e9 anf\u00e4hrt: einfach aus dem Bahnhofsausgang heraus, den grossen Platz gegen\u00fcber \u00fcberqueren und dann die Strasse vorne rechts hochlaufen. \u201cMaciel Pinheiro\u201d ist die erste Querstrasse&#8230;<\/p>\n<p>Auf der rechten Seite der leichten Kurve, die zur \u201cMaciel Pinheiro\u201d f\u00fchrt, gibt es zwei Drehereien und ein wenig weiter einen Spezialisten f\u00fcr Metall-Arbeiten: Verkleidungen, Profile, Stahl, Bronze, Edelstahl und Teflon.<br \/>\nEntlang der Schnellstrasse von Jacar\u00e9 nach Jo\u00e3o Pessoa befinden sich zudem zwei Spezialgesch\u00e4fte: \u201cO Borrach\u00e3o\u201d hat Werkzeuge sowie ein grosses Sortiment an Rohren, Schl\u00e4uchen und Neoprenteilen. \u201cProjeta\u201d hat alles f\u00fcr allgemeine Bauarbeiten. \u00a0\u00a0\u00a0<span style=\"text-decoration: line-through;\"><br \/>\n<\/span>Die lokalen Bootszubeh\u00f6rl\u00e4den orientieren sich am \u00f6rtlichen Bedarf und sind deshalb eher im Bereich f\u00fcr kleinere Motorboote ausgestattet als f\u00fcr Hochseeyachten. Bis es einen Bootszubeh\u00f6rladen vor Ort gibt, k\u00f6nnen ben\u00f6tigte Teile im Marina Jacar\u0117 Village \u00fcber verschiedene Kataloge bestellt werden.<\/p>\n<p><strong>Segel:<\/strong> In Jacar\u00e9 gibt es einen Segelmacher, der alle erforderlichen Arbeiten erledigen kann (Reparaturen, Zuschneiden von neuen Segeln, Segels\u00e4cke, Spinnaker-Socken etc.).<\/p>\n<p><strong>Edelstahlarbeiten<\/strong>:\u00a0k\u00f6nnen vor Ort in ordentlicher Qualit\u00e4t erledigt werden.<\/p>\n<p><strong>Bootselektronik\/elektrik:\u00a0<\/strong>So lange keine speziellen Ersatzteile erforderlich sind, kann qualifiziertes Personal die meisten Probleme vor Ort beheben.<\/p>\n<p><strong>Computer:\u00a0<\/strong>Sowohl Hard- als auch Software-Probleme k\u00f6nnen problemlos behoben werden, da dieser Markt in Brasilien hochentwickelt ist.<\/p>\n<p><strong>Kleine Warnung:<\/strong><strong>\u00a0<\/strong>Bezogen auf alle Reparaturen, die in S\u00fcdamerika durchgef\u00fchrt werden, sollten nicht dieselben Erwartungen an Geschwindigkeit und Effizienz angesetzt werden wie auf der anderen Seite des Atlantik. Hier herrscht eine andere Auffassung von \u201eZeit\u201c \u2013 ein wenig Geduld und Nachsicht helfen weiter!<\/p>\n<p>&nbsp;<\/p>\n<p><strong>Nachtleben<\/strong>:\u00a0Konzentriert sich haupts\u00e4chlich rund um Tambau am Strand und ist mit dem Bus oder Taxi zu erreichen.<\/p>\n<p><a href=\"http:\/\/www.marina-jacare-village.com\/wordpress\/wp-content\/uploads\/2015\/01\/loisirs4.jpg\"><img decoding=\"async\" loading=\"lazy\" class=\"alignnone size-full wp-image-148\" src=\"http:\/\/www.marina-jacare-village.com\/wordpress\/wp-content\/uploads\/2015\/01\/loisirs4.jpg\" alt=\"loisirs4\" width=\"567\" height=\"336\" srcset=\"http:\/\/www.marina-jacare-village.com\/wordpress\/wp-content\/uploads\/2015\/01\/loisirs4.jpg 567w, http:\/\/www.marina-jacare-village.com\/wordpress\/wp-content\/uploads\/2015\/01\/loisirs4-300x178.jpg 300w\" sizes=\"(max-width: 567px) 100vw, 567px\" \/><\/a><\/p>","protected":false},"excerpt":{"rendered":"<p>\u00d6rtliche Verkehrsmittelanbindung:\u00a0Von Jacar\u00e9 f\u00e4hrt etwa alle halbe Stunde ein Bus nach Jo\u00e3o Pessoa. Alternativ geht alle 20 Minuten ein kleiner Zug nach Cabedelo oder Jo\u00e3o Pessoa. &nbsp; Busverbindung:\u00a0Busse fahren zwischen&hellip; <\/p>\n","protected":false},"author":1,"featured_media":0,"parent":0,"menu_order":0,"comment_status":"closed","ping_status":"closed","template":"","meta":[],"_links":{"self":[{"href":"http:\/\/www.marina-jacare-village.com\/wordpress\/de\/wp-json\/wp\/v2\/pages\/11"}],"collection":[{"href":"http:\/\/www.marina-jacare-village.com\/wordpress\/de\/wp-json\/wp\/v2\/pages"}],"about":[{"href":"http:\/\/www.marina-jacare-village.com\/wordpress\/de\/wp-json\/wp\/v2\/types\/page"}],"author":[{"embeddable":true,"href":"http:\/\/www.marina-jacare-village.com\/wordpress\/de\/wp-json\/wp\/v2\/users\/1"}],"replies":[{"embeddable":true,"href":"http:\/\/www.marina-jacare-village.com\/wordpress\/de\/wp-json\/wp\/v2\/comments?post=11"}],"version-history":[{"count":38,"href":"http:\/\/www.marina-jacare-village.com\/wordpress\/de\/wp-json\/wp\/v2\/pages\/11\/revisions"}],"predecessor-version":[{"id":580,"href":"http:\/\/www.marina-jacare-village.com\/wordpress\/de\/wp-json\/wp\/v2\/pages\/11\/revisions\/580"}],"wp:attachment":[{"href":"http:\/\/www.marina-jacare-village.com\/wordpress\/de\/wp-json\/wp\/v2\/media?parent=11"}],"curies":[{"name":"wp","href":"https:\/\/api.w.org\/{rel}","templated":true}]}}